{"id":845,"date":"2024-11-16T14:42:41","date_gmt":"2024-11-16T14:42:41","guid":{"rendered":"https:\/\/www.liv.fo\/?page_id=845"},"modified":"2025-05-01T10:21:22","modified_gmt":"2025-05-01T10:21:22","slug":"liv","status":"publish","type":"page","link":"https:\/\/www.liv.fo\/en\/pension\/liv\/","title":{"rendered":"L\u00cdV+"},"content":{"rendered":"\n<div class=\"wp-block-cover alignfull is-light is-style-diagonal-offset-crop\" style=\"margin-top:0;margin-bottom:0;min-height:651px;aspect-ratio:unset;\"><img loading=\"lazy\" decoding=\"async\" width=\"1400\" height=\"933\" class=\"wp-block-cover__image-background wp-image-556\" alt=\"\" src=\"https:\/\/www.liv.fo\/wp-content\/uploads\/2025\/01\/Par-altan.jpg\" data-object-fit=\"cover\" srcset=\"https:\/\/www.liv.fo\/wp-content\/uploads\/2025\/01\/Par-altan.jpg 1400w, https:\/\/www.liv.fo\/wp-content\/uploads\/2025\/01\/Par-altan-800x533.jpg 800w, https:\/\/www.liv.fo\/wp-content\/uploads\/2025\/01\/Par-altan-768x512.jpg 768w\" sizes=\"auto, (max-width: 1400px) 100vw, 1400px\" \/><span aria-hidden=\"true\" class=\"wp-block-cover__background has-background-dim-0 has-background-dim\" style=\"background-color:#a6a5a4\"><\/span><div class=\"wp-block-cover__inner-container has-global-padding is-layout-constrained wp-block-cover-is-layout-constrained\">\n<div style=\"height:32px\" aria-hidden=\"true\" class=\"wp-block-spacer\"><\/div>\n\n\n\n<div class=\"wp-block-columns alignwide is-layout-flex wp-container-core-columns-is-layout-28f84493 wp-block-columns-is-layout-flex\">\n<div class=\"wp-block-column is-layout-flow wp-block-column-is-layout-flow\">\n<h1 class=\"wp-block-heading has-text-align-left has-dark-blue-color has-text-color has-link-color wp-elements-32adcf06122d575a3a668d03961563b1\"><strong>L\u00cdV +<\/strong><\/h1>\n\n\n\n<p><strong><mark style=\"background-color:rgba(0, 0, 0, 0)\" class=\"has-inline-color has-dark-blue-color\">With L\u00cdV+, we offer you the opportunity to increase your return at retirement age.<\/mark><\/strong><\/p>\n\n\n\n<p><mark style=\"background-color:rgba(0, 0, 0, 0)\" class=\"has-inline-color has-dark-blue-color\">L\u00cdV+ is intended as an additional pension for our current and future customers<\/mark><\/p>\n\n\n\n<div style=\"height:32px\" aria-hidden=\"true\" class=\"wp-block-spacer\"><\/div>\n<\/div>\n\n\n\n<div class=\"wp-block-column is-layout-flow wp-block-column-is-layout-flow\"><\/div>\n<\/div>\n\n\n\n<div style=\"height:64px\" aria-hidden=\"true\" class=\"wp-block-spacer\"><\/div>\n<\/div><\/div>\n\n\n\n<div class=\"wp-block-group alignfull is-style-ellipsis-3 has-black-50-background-color has-background has-global-padding is-layout-constrained wp-block-group-is-layout-constrained\" style=\"margin-top:0;margin-bottom:0;padding-top:0;padding-bottom:0\">\n<div class=\"wp-block-group alignwide is-vertical is-layout-flex wp-container-core-group-is-layout-fe9cc265 wp-block-group-is-layout-flex\">\n<div style=\"height:0px\" aria-hidden=\"true\" class=\"wp-block-spacer wp-container-content-6388d5dc\"><\/div>\n\n\n\n<div class=\"wp-block-columns alignwide is-layout-flex wp-container-core-columns-is-layout-28f84493 wp-block-columns-is-layout-flex\">\n<div class=\"wp-block-column is-layout-flow wp-block-column-is-layout-flow\">\n<h3 class=\"wp-block-heading\">Arrangements<\/h3>\n\n\n\n<ul class=\"wp-block-list\">\n<li>It is registered as an addition for our customers who pay at least 500 DKK per month to another pension scheme with L\u00cdV.<br><\/li>\n\n\n\n<li>The minimum monthly contribution is 300 DKK.<br><\/li>\n\n\n\n<li>The payment will be made through the Payment System.<br><\/li>\n\n\n\n<li>Annual management fee of 0.5% of the savings.<br><\/li>\n\n\n\n<li>The payment will be made with post-tax money.<br><\/li>\n\n\n\n<li>The disbursement is tax-free<\/li>\n<\/ul>\n\n\n\n<div id=\"cta_block_98c612ee445a67c0da116620bf278c01\" class=\"lunnar-cta\">\n            <a href=\"https:\/\/www.liv.fo\/wp-content\/uploads\/2025\/05\/Liv.pdf\" class=\"cta-link\" target=\"_blank\">\n                            <p>Form to fill out for signing up for L\u00cdV+ <\/p>\n            \n            <h5>Form<\/h5>\n            <svg width=\"16\" height=\"16\" viewBox=\"0 0 16 16\" fill=\"none\" xmlns=\"http:\/\/www.w3.org\/2000\/svg\">\n<path d=\"M15.9 8.4C16 8.2 16 7.9 15.9 7.6C15.8 7.5 15.8 7.4 15.7 7.3L8.7 0.3C8.3 -0.1 7.7 -0.1 7.3 0.3C6.9 0.7 6.9 1.3 7.3 1.7L12.6 7H1C0.4 7 0 7.4 0 8C0 8.6 0.4 9 1 9H12.6L7.3 14.3C6.9 14.7 6.9 15.3 7.3 15.7C7.5 15.9 7.8 16 8 16C8.2 16 8.5 15.9 8.7 15.7L15.7 8.7C15.8 8.6 15.9 8.5 15.9 8.4Z\" fill=\"currentColor\"\/>\n<\/svg>\n        <\/a>\n    <\/div><\/div>\n\n\n\n<div class=\"wp-block-column is-vertically-aligned-center is-layout-flow wp-block-column-is-layout-flow\">\n<div style=\"height:55px\" aria-hidden=\"true\" class=\"wp-block-spacer\"><\/div>\n\n\n\n<ul class=\"wp-block-list\">\n<li>Interest will be credited monthly.<br><\/li>\n\n\n\n<li>It will be paid out in one lump sum at retirement age.<br><\/li>\n\n\n\n<li>In the event of death during the contribution period, the balance will be paid out in full to the beneficiary.<br><\/li>\n\n\n\n<li>There is an option to withdraw the money after the age of 60.<br><\/li>\n\n\n\n<li>L\u00cdV reserves the right to change the established investment rules for L\u00cdV+.<br><br><br><br><br><br><br><br><br><br><br><\/li>\n<\/ul>\n<\/div>\n<\/div>\n<\/div>\n\n\n\n<div class=\"wp-block-group is-nowrap is-layout-flex wp-container-core-group-is-layout-6c531013 wp-block-group-is-layout-flex\">\n<div style=\"height:100px;width:0px\" aria-hidden=\"true\" class=\"wp-block-spacer wp-container-content-6388d5dc\"><\/div>\n<\/div>\n<\/div>\n\n\n\n<div class=\"wp-block-group alignfull has-black-50-background-color has-background has-global-padding is-layout-constrained wp-block-group-is-layout-constrained\" style=\"margin-top:0;margin-bottom:0;padding-top:var(--wp--preset--spacing--1);padding-bottom:var(--wp--preset--spacing--1)\">\n<div style=\"height:57px\" aria-hidden=\"true\" class=\"wp-block-spacer\"><\/div>\n\n\n\n<h3 class=\"wp-block-heading has-text-align-center\">We are ready to help you<\/h3>\n\n\n\n<p class=\"has-text-align-center\">If you have questions or would like advice, you are welcome to contact us.<br>Send us an email on liv@liv.fo, call us at +298 31 11 11, or log in to the customer portal<br>M\u00edtt L\u00cdV and send us a message<\/p>\n\n\n\n<div style=\"height:32px\" aria-hidden=\"true\" class=\"wp-block-spacer\"><\/div>\n\n\n\n<div class=\"wp-block-columns has-white-background-color has-background is-layout-flex wp-container-core-columns-is-layout-7c723ecb wp-block-columns-is-layout-flex\" style=\"border-radius:0.5rem;padding-top:var(--wp--preset--spacing--4);padding-bottom:var(--wp--preset--spacing--4)\">\n<div class=\"wp-block-column is-layout-flow wp-block-column-is-layout-flow\">\n<div class=\"wp-block-group has-global-padding is-layout-constrained wp-block-group-is-layout-constrained\">\n<figure class=\"wp-block-image aligncenter size-full is-resized\"><img loading=\"lazy\" decoding=\"async\" width=\"75\" height=\"65\" src=\"https:\/\/www.liv.fo\/wp-content\/uploads\/2024\/11\/icon-envolope.png\" alt=\"\" class=\"wp-image-268\" style=\"object-fit:contain;width:40px;height:40px\"\/><\/figure>\n\n\n\n<p class=\"has-text-align-center is-style-default has-f-37-bobby-font-family has-large-font-size\"><a href=\"mailto:liv@liv.fo\">Send email<\/a><\/p>\n<\/div>\n<\/div>\n\n\n\n<div class=\"wp-block-column is-layout-flow wp-block-column-is-layout-flow\">\n<div class=\"wp-block-group has-global-padding is-layout-constrained wp-block-group-is-layout-constrained\">\n<figure class=\"wp-block-image aligncenter size-full is-resized\"><img loading=\"lazy\" decoding=\"async\" width=\"75\" height=\"75\" src=\"https:\/\/www.liv.fo\/wp-content\/uploads\/2024\/11\/icon-phone2.png\" alt=\"\" class=\"wp-image-270\" style=\"object-fit:contain;width:40px;height:40px\"\/><\/figure>\n\n\n\n<p class=\"has-text-align-center is-style-default has-f-37-bobby-font-family has-large-font-size\"><a href=\"tel:298311111\">Call us<\/a><\/p>\n<\/div>\n<\/div>\n\n\n\n<div class=\"wp-block-column is-layout-flow wp-block-column-is-layout-flow\">\n<div class=\"wp-block-group has-global-padding is-layout-constrained wp-block-group-is-layout-constrained\">\n<figure class=\"wp-block-image aligncenter size-full is-resized\"><img loading=\"lazy\" decoding=\"async\" width=\"65\" height=\"72\" src=\"https:\/\/www.liv.fo\/wp-content\/uploads\/2024\/11\/icon-user.png\" alt=\"\" class=\"wp-image-272\" style=\"object-fit:contain;width:40px;height:40px\"\/><\/figure>\n\n\n\n<p class=\"has-text-align-center is-style-default has-f-37-bobby-font-family has-large-font-size\"><a href=\"https:\/\/innrita.samleiki.fo\/idp\/Authn\/External?conversation=e1s1\">M\u00edtt L\u00cdV<\/a><\/p>\n\n\n\n<p class=\"has-text-align-center\"><mark style=\"background-color:rgba(0, 0, 0, 0)\" class=\"has-inline-color has-orange-color\">Customer Portal<\/mark><\/p>\n<\/div>\n<\/div>\n<\/div>\n\n\n\n<div style=\"height:100px\" aria-hidden=\"true\" class=\"wp-block-spacer\"><\/div>\n<\/div>\n","protected":false},"excerpt":{"rendered":"<p>Arrangements We are ready to help you If you have questions or would like advice, you are welcome to contact us.Send us an email on liv@liv.fo, call us at +298 31 11 11, or log in to the customer portalM\u00edtt L\u00cdV and send us a message Send email Call us M\u00edtt L\u00cdV Customer Portal<\/p>\n","protected":false},"author":4,"featured_media":0,"parent":835,"menu_order":0,"comment_status":"closed","ping_status":"closed","template":"page-no-title","meta":{"_acf_changed":false,"footnotes":""},"class_list":["post-845","page","type-page","status-publish","hentry"],"acf":[],"yoast_head":"<!-- This site is optimized with the Yoast SEO plugin v27.3 - https:\/\/yoast.com\/product\/yoast-seo-wordpress\/ -->\n<title>L\u00cdV+ - Tryggingarfelagi\u00f0 L\u00cdV<\/title>\n<meta name=\"robots\" content=\"index, follow, max-snippet:-1, max-image-preview:large, max-video-preview:-1\" \/>\n<link rel=\"canonical\" href=\"https:\/\/www.liv.fo\/en\/pension\/liv\/\" \/>\n<meta property=\"og:locale\" content=\"en_US\" \/>\n<meta property=\"og:type\" content=\"article\" \/>\n<meta property=\"og:title\" content=\"L\u00cdV+ - Tryggingarfelagi\u00f0 L\u00cdV\" \/>\n<meta property=\"og:description\" content=\"Arrangements We are ready to help you If you have questions or would like advice, you are welcome to contact us.Send us an email on liv@liv.fo, call us at +298 31 11 11, or log in to the customer portalM\u00edtt L\u00cdV and send us a message Send email Call us M\u00edtt L\u00cdV Customer Portal\" \/>\n<meta property=\"og:url\" content=\"https:\/\/www.liv.fo\/en\/pension\/liv\/\" \/>\n<meta property=\"og:site_name\" content=\"Tryggingarfelagi\u00f0 L\u00cdV\" \/>\n<meta property=\"article:modified_time\" content=\"2025-05-01T10:21:22+00:00\" \/>\n<meta property=\"og:image\" content=\"https:\/\/www.liv.fo\/wp-content\/uploads\/2025\/01\/Par-altan.jpg\" \/>\n\t<meta property=\"og:image:width\" content=\"1400\" \/>\n\t<meta property=\"og:image:height\" content=\"933\" \/>\n\t<meta property=\"og:image:type\" content=\"image\/jpeg\" \/>\n<meta name=\"twitter:card\" content=\"summary_large_image\" \/>\n<meta name=\"twitter:label1\" content=\"Est. reading time\" \/>\n\t<meta name=\"twitter:data1\" content=\"2 minutes\" \/>\n<script type=\"application\/ld+json\" class=\"yoast-schema-graph\">{\"@context\":\"https:\\\/\\\/schema.org\",\"@graph\":[{\"@type\":\"WebPage\",\"@id\":\"https:\\\/\\\/www.liv.fo\\\/en\\\/pension\\\/liv\\\/\",\"url\":\"https:\\\/\\\/www.liv.fo\\\/en\\\/pension\\\/liv\\\/\",\"name\":\"L\u00cdV+ - Tryggingarfelagi\u00f0 L\u00cdV\",\"isPartOf\":{\"@id\":\"https:\\\/\\\/www.liv.fo\\\/en\\\/#website\"},\"primaryImageOfPage\":{\"@id\":\"https:\\\/\\\/www.liv.fo\\\/en\\\/pension\\\/liv\\\/#primaryimage\"},\"image\":{\"@id\":\"https:\\\/\\\/www.liv.fo\\\/en\\\/pension\\\/liv\\\/#primaryimage\"},\"thumbnailUrl\":\"https:\\\/\\\/www.liv.fo\\\/wp-content\\\/uploads\\\/2025\\\/01\\\/Par-altan.jpg\",\"datePublished\":\"2024-11-16T14:42:41+00:00\",\"dateModified\":\"2025-05-01T10:21:22+00:00\",\"breadcrumb\":{\"@id\":\"https:\\\/\\\/www.liv.fo\\\/en\\\/pension\\\/liv\\\/#breadcrumb\"},\"inLanguage\":\"en-US\",\"potentialAction\":[{\"@type\":\"ReadAction\",\"target\":[\"https:\\\/\\\/www.liv.fo\\\/en\\\/pension\\\/liv\\\/\"]}]},{\"@type\":\"ImageObject\",\"inLanguage\":\"en-US\",\"@id\":\"https:\\\/\\\/www.liv.fo\\\/en\\\/pension\\\/liv\\\/#primaryimage\",\"url\":\"https:\\\/\\\/www.liv.fo\\\/wp-content\\\/uploads\\\/2025\\\/01\\\/Par-altan.jpg\",\"contentUrl\":\"https:\\\/\\\/www.liv.fo\\\/wp-content\\\/uploads\\\/2025\\\/01\\\/Par-altan.jpg\"},{\"@type\":\"BreadcrumbList\",\"@id\":\"https:\\\/\\\/www.liv.fo\\\/en\\\/pension\\\/liv\\\/#breadcrumb\",\"itemListElement\":[{\"@type\":\"ListItem\",\"position\":1,\"name\":\"Home\",\"item\":\"https:\\\/\\\/www.liv.fo\\\/en\\\/\"},{\"@type\":\"ListItem\",\"position\":2,\"name\":\"Pension\",\"item\":\"https:\\\/\\\/www.liv.fo\\\/en\\\/pension\\\/\"},{\"@type\":\"ListItem\",\"position\":3,\"name\":\"L\u00cdV+\"}]},{\"@type\":\"WebSite\",\"@id\":\"https:\\\/\\\/www.liv.fo\\\/en\\\/#website\",\"url\":\"https:\\\/\\\/www.liv.fo\\\/en\\\/\",\"name\":\"Tryggingarfelagi\u00f0 L\u00cdV\",\"description\":\"\",\"publisher\":{\"@id\":\"https:\\\/\\\/www.liv.fo\\\/en\\\/#organization\"},\"potentialAction\":[{\"@type\":\"SearchAction\",\"target\":{\"@type\":\"EntryPoint\",\"urlTemplate\":\"https:\\\/\\\/www.liv.fo\\\/en\\\/?s={search_term_string}\"},\"query-input\":{\"@type\":\"PropertyValueSpecification\",\"valueRequired\":true,\"valueName\":\"search_term_string\"}}],\"inLanguage\":\"en-US\"},{\"@type\":\"Organization\",\"@id\":\"https:\\\/\\\/www.liv.fo\\\/en\\\/#organization\",\"name\":\"Tryggingarfelagi\u00f0 L\u00cdV\",\"url\":\"https:\\\/\\\/www.liv.fo\\\/en\\\/\",\"logo\":{\"@type\":\"ImageObject\",\"inLanguage\":\"en-US\",\"@id\":\"https:\\\/\\\/www.liv.fo\\\/en\\\/#\\\/schema\\\/logo\\\/image\\\/\",\"url\":\"https:\\\/\\\/www.liv.fo\\\/wp-content\\\/uploads\\\/2024\\\/11\\\/liv-logo.png\",\"contentUrl\":\"https:\\\/\\\/www.liv.fo\\\/wp-content\\\/uploads\\\/2024\\\/11\\\/liv-logo.png\",\"width\":82,\"height\":88,\"caption\":\"Tryggingarfelagi\u00f0 L\u00cdV\"},\"image\":{\"@id\":\"https:\\\/\\\/www.liv.fo\\\/en\\\/#\\\/schema\\\/logo\\\/image\\\/\"}}]}<\/script>\n<!-- \/ Yoast SEO plugin. -->","yoast_head_json":{"title":"L\u00cdV+ - Tryggingarfelagi\u00f0 L\u00cdV","robots":{"index":"index","follow":"follow","max-snippet":"max-snippet:-1","max-image-preview":"max-image-preview:large","max-video-preview":"max-video-preview:-1"},"canonical":"https:\/\/www.liv.fo\/en\/pension\/liv\/","og_locale":"en_US","og_type":"article","og_title":"L\u00cdV+ - Tryggingarfelagi\u00f0 L\u00cdV","og_description":"Arrangements We are ready to help you If you have questions or would like advice, you are welcome to contact us.Send us an email on liv@liv.fo, call us at +298 31 11 11, or log in to the customer portalM\u00edtt L\u00cdV and send us a message Send email Call us M\u00edtt L\u00cdV Customer Portal","og_url":"https:\/\/www.liv.fo\/en\/pension\/liv\/","og_site_name":"Tryggingarfelagi\u00f0 L\u00cdV","article_modified_time":"2025-05-01T10:21:22+00:00","og_image":[{"width":1400,"height":933,"url":"https:\/\/www.liv.fo\/wp-content\/uploads\/2025\/01\/Par-altan.jpg","type":"image\/jpeg"}],"twitter_card":"summary_large_image","twitter_misc":{"Est. reading time":"2 minutes"},"schema":{"@context":"https:\/\/schema.org","@graph":[{"@type":"WebPage","@id":"https:\/\/www.liv.fo\/en\/pension\/liv\/","url":"https:\/\/www.liv.fo\/en\/pension\/liv\/","name":"L\u00cdV+ - Tryggingarfelagi\u00f0 L\u00cdV","isPartOf":{"@id":"https:\/\/www.liv.fo\/en\/#website"},"primaryImageOfPage":{"@id":"https:\/\/www.liv.fo\/en\/pension\/liv\/#primaryimage"},"image":{"@id":"https:\/\/www.liv.fo\/en\/pension\/liv\/#primaryimage"},"thumbnailUrl":"https:\/\/www.liv.fo\/wp-content\/uploads\/2025\/01\/Par-altan.jpg","datePublished":"2024-11-16T14:42:41+00:00","dateModified":"2025-05-01T10:21:22+00:00","breadcrumb":{"@id":"https:\/\/www.liv.fo\/en\/pension\/liv\/#breadcrumb"},"inLanguage":"en-US","potentialAction":[{"@type":"ReadAction","target":["https:\/\/www.liv.fo\/en\/pension\/liv\/"]}]},{"@type":"ImageObject","inLanguage":"en-US","@id":"https:\/\/www.liv.fo\/en\/pension\/liv\/#primaryimage","url":"https:\/\/www.liv.fo\/wp-content\/uploads\/2025\/01\/Par-altan.jpg","contentUrl":"https:\/\/www.liv.fo\/wp-content\/uploads\/2025\/01\/Par-altan.jpg"},{"@type":"BreadcrumbList","@id":"https:\/\/www.liv.fo\/en\/pension\/liv\/#breadcrumb","itemListElement":[{"@type":"ListItem","position":1,"name":"Home","item":"https:\/\/www.liv.fo\/en\/"},{"@type":"ListItem","position":2,"name":"Pension","item":"https:\/\/www.liv.fo\/en\/pension\/"},{"@type":"ListItem","position":3,"name":"L\u00cdV+"}]},{"@type":"WebSite","@id":"https:\/\/www.liv.fo\/en\/#website","url":"https:\/\/www.liv.fo\/en\/","name":"Tryggingarfelagi\u00f0 L\u00cdV","description":"","publisher":{"@id":"https:\/\/www.liv.fo\/en\/#organization"},"potentialAction":[{"@type":"SearchAction","target":{"@type":"EntryPoint","urlTemplate":"https:\/\/www.liv.fo\/en\/?s={search_term_string}"},"query-input":{"@type":"PropertyValueSpecification","valueRequired":true,"valueName":"search_term_string"}}],"inLanguage":"en-US"},{"@type":"Organization","@id":"https:\/\/www.liv.fo\/en\/#organization","name":"Tryggingarfelagi\u00f0 L\u00cdV","url":"https:\/\/www.liv.fo\/en\/","logo":{"@type":"ImageObject","inLanguage":"en-US","@id":"https:\/\/www.liv.fo\/en\/#\/schema\/logo\/image\/","url":"https:\/\/www.liv.fo\/wp-content\/uploads\/2024\/11\/liv-logo.png","contentUrl":"https:\/\/www.liv.fo\/wp-content\/uploads\/2024\/11\/liv-logo.png","width":82,"height":88,"caption":"Tryggingarfelagi\u00f0 L\u00cdV"},"image":{"@id":"https:\/\/www.liv.fo\/en\/#\/schema\/logo\/image\/"}}]}},"_links":{"self":[{"href":"https:\/\/www.liv.fo\/en\/wp-json\/wp\/v2\/pages\/845","targetHints":{"allow":["GET"]}}],"collection":[{"href":"https:\/\/www.liv.fo\/en\/wp-json\/wp\/v2\/pages"}],"about":[{"href":"https:\/\/www.liv.fo\/en\/wp-json\/wp\/v2\/types\/page"}],"author":[{"embeddable":true,"href":"https:\/\/www.liv.fo\/en\/wp-json\/wp\/v2\/users\/4"}],"replies":[{"embeddable":true,"href":"https:\/\/www.liv.fo\/en\/wp-json\/wp\/v2\/comments?post=845"}],"version-history":[{"count":7,"href":"https:\/\/www.liv.fo\/en\/wp-json\/wp\/v2\/pages\/845\/revisions"}],"predecessor-version":[{"id":3066,"href":"https:\/\/www.liv.fo\/en\/wp-json\/wp\/v2\/pages\/845\/revisions\/3066"}],"up":[{"embeddable":true,"href":"https:\/\/www.liv.fo\/en\/wp-json\/wp\/v2\/pages\/835"}],"wp:attachment":[{"href":"https:\/\/www.liv.fo\/en\/wp-json\/wp\/v2\/media?parent=845"}],"curies":[{"name":"wp","href":"https:\/\/api.w.org\/{rel}","templated":true}]}}