{"id":794,"date":"2025-01-15T15:01:21","date_gmt":"2025-01-15T15:01:21","guid":{"rendered":"https:\/\/www.liv.fo\/?page_id=794"},"modified":"2025-11-20T15:43:40","modified_gmt":"2025-11-20T15:43:40","slug":"insurance-terms","status":"publish","type":"page","link":"https:\/\/www.liv.fo\/en\/insurance-terms\/","title":{"rendered":"Insurance Terms"},"content":{"rendered":"\n<h2 class=\"wp-block-heading\">Insurance Terms<\/h2>\n\n\n\n<details class=\"wp-block-details is-layout-flow wp-block-details-is-layout-flow\"><summary>General Insurance Terms<\/summary>\n<div class=\"wp-block-group is-nowrap is-layout-flex wp-container-core-group-is-layout-6c531013 wp-block-group-is-layout-flex\">\n<p><a href=\"https:\/\/www.liv.fo\/wp-content\/uploads\/2025\/03\/almennar-tryggingartreytir.pdf\">Almennar tryggingartreytir<\/a><\/p>\n\n\n\n<p><\/p>\n<\/div>\n<\/details>\n\n\n\n<details class=\"wp-block-details is-layout-flow wp-block-details-is-layout-flow\"><summary>Investment Terms<\/summary>\n<p><a href=\"https:\/\/www.liv.fo\/wp-content\/uploads\/2025\/03\/ilogutreytir.pdf\">\u00cdl\u00f8gutreytir<\/a><\/p>\n<\/details>\n\n\n\n<details class=\"wp-block-details is-layout-flow wp-block-details-is-layout-flow\"><summary>Collective Insurance<\/summary>\n<div class=\"wp-block-group is-nowrap is-layout-flex wp-container-core-group-is-layout-6c531013 wp-block-group-is-layout-flex\">\n<p><a href=\"https:\/\/www.liv.fo\/wp-content\/uploads\/2025\/03\/tryggingar-treytir-fyri-samlagstrygging.pdf\">Tryggingartreytir fyri samlagstrygging<\/a><\/p>\n\n\n\n<p><\/p>\n<\/div>\n<\/details>\n\n\n\n<details class=\"wp-block-details is-layout-flow wp-block-details-is-layout-flow\"><summary>Insurance Terms for Certain Serious Illnesses<\/summary>\n<div class=\"wp-block-group is-nowrap is-layout-flex wp-container-core-group-is-layout-6c531013 wp-block-group-is-layout-flex\">\n<p><a href=\"https:\/\/www.liv.fo\/wp-content\/uploads\/2025\/03\/tryggingartreytir-fyri-avisar-haettisligar-sjukur.pdf\">Tryggingartreytir fyri \u00e1v\u00edsar h\u00e6ttisligar sj\u00fakur<\/a><\/p>\n\n\n\n<p><\/p>\n<\/div>\n<\/details>\n\n\n\n<details class=\"wp-block-details is-layout-flow wp-block-details-is-layout-flow\"><summary>Terms on incapacity for work<\/summary>\n<p><a href=\"https:\/\/www.liv.fo\/wp-content\/uploads\/2025\/11\/Reglur-fyri-veitingar-vid-ovinnufori-MR.docx\">Reglur fyri veitingar vi\u00f0 \u00f3vinnuf\u00f8ri &#8211; MR<\/a><br><a href=\"https:\/\/www.liv.fo\/wp-content\/uploads\/2025\/11\/Reglur-fyri-veitingar-vid-ovinnufori-GR.docx\">Reglur fyri veitingar vi\u00f0 \u00f3vinnuf\u00f8ri &#8211; GR<\/a><\/p>\n<\/details>\n\n\n\n<details class=\"wp-block-details is-layout-flow wp-block-details-is-layout-flow\"><summary>Insurance terms Gjensidige<\/summary>\n<p><a href=\"https:\/\/www.liv.fo\/wp-content\/uploads\/2025\/03\/Sundhedsforsikring_Faeroeerne_-Privat_01.01.22.pdf\">Tryggingartreytir fyri vi\u00f0ger\u00f0artrygging &#8211; Privat<\/a><\/p>\n\n\n\n<p><a href=\"https:\/\/www.liv.fo\/wp-content\/uploads\/2025\/03\/Sundhedsforsikring_Faeroeerne_-Privat_01.01.22.pdf\"><\/a><a href=\"https:\/\/www.liv.fo\/wp-content\/uploads\/2025\/03\/Sundhedsforsikring_Erhverv_Faeroeerne_01.01.22.pdf\">Tryggingartreytir fyri vi\u00f0ger\u00f0artrygging &#8211; Virkir<\/a><\/p>\n<\/details>\n\n\n\n<p><\/p>\n\n\n\n<p><br><br><\/p>\n","protected":false},"excerpt":{"rendered":"<p>Insurance Terms<\/p>\n","protected":false},"author":4,"featured_media":0,"parent":0,"menu_order":0,"comment_status":"closed","ping_status":"closed","template":"page-no-title","meta":{"_acf_changed":false,"footnotes":""},"class_list":["post-794","page","type-page","status-publish","hentry"],"acf":[],"yoast_head":"<!-- This site is optimized with the Yoast SEO plugin v27.5 - https:\/\/yoast.com\/product\/yoast-seo-wordpress\/ -->\n<title>Insurance Terms - Tryggingarfelagi\u00f0 L\u00cdV<\/title>\n<meta name=\"robots\" content=\"index, follow, max-snippet:-1, max-image-preview:large, max-video-preview:-1\" \/>\n<link rel=\"canonical\" href=\"https:\/\/www.liv.fo\/en\/insurance-terms\/\" \/>\n<meta property=\"og:locale\" content=\"en_US\" \/>\n<meta property=\"og:type\" content=\"article\" \/>\n<meta property=\"og:title\" content=\"Insurance Terms - Tryggingarfelagi\u00f0 L\u00cdV\" \/>\n<meta property=\"og:description\" content=\"Insurance Terms\" \/>\n<meta property=\"og:url\" content=\"https:\/\/www.liv.fo\/en\/insurance-terms\/\" \/>\n<meta property=\"og:site_name\" content=\"Tryggingarfelagi\u00f0 L\u00cdV\" \/>\n<meta property=\"article:modified_time\" content=\"2025-11-20T15:43:40+00:00\" \/>\n<meta name=\"twitter:card\" content=\"summary_large_image\" \/>\n<meta name=\"twitter:label1\" content=\"Est. reading time\" \/>\n\t<meta name=\"twitter:data1\" content=\"1 minute\" \/>\n<script type=\"application\/ld+json\" class=\"yoast-schema-graph\">{\"@context\":\"https:\\\/\\\/schema.org\",\"@graph\":[{\"@type\":\"WebPage\",\"@id\":\"https:\\\/\\\/www.liv.fo\\\/en\\\/insurance-terms\\\/\",\"url\":\"https:\\\/\\\/www.liv.fo\\\/en\\\/insurance-terms\\\/\",\"name\":\"Insurance Terms - Tryggingarfelagi\u00f0 L\u00cdV\",\"isPartOf\":{\"@id\":\"https:\\\/\\\/www.liv.fo\\\/en\\\/#website\"},\"datePublished\":\"2025-01-15T15:01:21+00:00\",\"dateModified\":\"2025-11-20T15:43:40+00:00\",\"breadcrumb\":{\"@id\":\"https:\\\/\\\/www.liv.fo\\\/en\\\/insurance-terms\\\/#breadcrumb\"},\"inLanguage\":\"en-US\",\"potentialAction\":[{\"@type\":\"ReadAction\",\"target\":[\"https:\\\/\\\/www.liv.fo\\\/en\\\/insurance-terms\\\/\"]}]},{\"@type\":\"BreadcrumbList\",\"@id\":\"https:\\\/\\\/www.liv.fo\\\/en\\\/insurance-terms\\\/#breadcrumb\",\"itemListElement\":[{\"@type\":\"ListItem\",\"position\":1,\"name\":\"Home\",\"item\":\"https:\\\/\\\/www.liv.fo\\\/en\\\/\"},{\"@type\":\"ListItem\",\"position\":2,\"name\":\"Insurance Terms\"}]},{\"@type\":\"WebSite\",\"@id\":\"https:\\\/\\\/www.liv.fo\\\/en\\\/#website\",\"url\":\"https:\\\/\\\/www.liv.fo\\\/en\\\/\",\"name\":\"Tryggingarfelagi\u00f0 L\u00cdV\",\"description\":\"\",\"publisher\":{\"@id\":\"https:\\\/\\\/www.liv.fo\\\/en\\\/#organization\"},\"potentialAction\":[{\"@type\":\"SearchAction\",\"target\":{\"@type\":\"EntryPoint\",\"urlTemplate\":\"https:\\\/\\\/www.liv.fo\\\/en\\\/?s={search_term_string}\"},\"query-input\":{\"@type\":\"PropertyValueSpecification\",\"valueRequired\":true,\"valueName\":\"search_term_string\"}}],\"inLanguage\":\"en-US\"},{\"@type\":\"Organization\",\"@id\":\"https:\\\/\\\/www.liv.fo\\\/en\\\/#organization\",\"name\":\"Tryggingarfelagi\u00f0 L\u00cdV\",\"url\":\"https:\\\/\\\/www.liv.fo\\\/en\\\/\",\"logo\":{\"@type\":\"ImageObject\",\"inLanguage\":\"en-US\",\"@id\":\"https:\\\/\\\/www.liv.fo\\\/en\\\/#\\\/schema\\\/logo\\\/image\\\/\",\"url\":\"https:\\\/\\\/www.liv.fo\\\/wp-content\\\/uploads\\\/2024\\\/11\\\/liv-logo.png\",\"contentUrl\":\"https:\\\/\\\/www.liv.fo\\\/wp-content\\\/uploads\\\/2024\\\/11\\\/liv-logo.png\",\"width\":82,\"height\":88,\"caption\":\"Tryggingarfelagi\u00f0 L\u00cdV\"},\"image\":{\"@id\":\"https:\\\/\\\/www.liv.fo\\\/en\\\/#\\\/schema\\\/logo\\\/image\\\/\"}}]}<\/script>\n<!-- \/ Yoast SEO plugin. -->","yoast_head_json":{"title":"Insurance Terms - Tryggingarfelagi\u00f0 L\u00cdV","robots":{"index":"index","follow":"follow","max-snippet":"max-snippet:-1","max-image-preview":"max-image-preview:large","max-video-preview":"max-video-preview:-1"},"canonical":"https:\/\/www.liv.fo\/en\/insurance-terms\/","og_locale":"en_US","og_type":"article","og_title":"Insurance Terms - Tryggingarfelagi\u00f0 L\u00cdV","og_description":"Insurance Terms","og_url":"https:\/\/www.liv.fo\/en\/insurance-terms\/","og_site_name":"Tryggingarfelagi\u00f0 L\u00cdV","article_modified_time":"2025-11-20T15:43:40+00:00","twitter_card":"summary_large_image","twitter_misc":{"Est. reading time":"1 minute"},"schema":{"@context":"https:\/\/schema.org","@graph":[{"@type":"WebPage","@id":"https:\/\/www.liv.fo\/en\/insurance-terms\/","url":"https:\/\/www.liv.fo\/en\/insurance-terms\/","name":"Insurance Terms - Tryggingarfelagi\u00f0 L\u00cdV","isPartOf":{"@id":"https:\/\/www.liv.fo\/en\/#website"},"datePublished":"2025-01-15T15:01:21+00:00","dateModified":"2025-11-20T15:43:40+00:00","breadcrumb":{"@id":"https:\/\/www.liv.fo\/en\/insurance-terms\/#breadcrumb"},"inLanguage":"en-US","potentialAction":[{"@type":"ReadAction","target":["https:\/\/www.liv.fo\/en\/insurance-terms\/"]}]},{"@type":"BreadcrumbList","@id":"https:\/\/www.liv.fo\/en\/insurance-terms\/#breadcrumb","itemListElement":[{"@type":"ListItem","position":1,"name":"Home","item":"https:\/\/www.liv.fo\/en\/"},{"@type":"ListItem","position":2,"name":"Insurance Terms"}]},{"@type":"WebSite","@id":"https:\/\/www.liv.fo\/en\/#website","url":"https:\/\/www.liv.fo\/en\/","name":"Tryggingarfelagi\u00f0 L\u00cdV","description":"","publisher":{"@id":"https:\/\/www.liv.fo\/en\/#organization"},"potentialAction":[{"@type":"SearchAction","target":{"@type":"EntryPoint","urlTemplate":"https:\/\/www.liv.fo\/en\/?s={search_term_string}"},"query-input":{"@type":"PropertyValueSpecification","valueRequired":true,"valueName":"search_term_string"}}],"inLanguage":"en-US"},{"@type":"Organization","@id":"https:\/\/www.liv.fo\/en\/#organization","name":"Tryggingarfelagi\u00f0 L\u00cdV","url":"https:\/\/www.liv.fo\/en\/","logo":{"@type":"ImageObject","inLanguage":"en-US","@id":"https:\/\/www.liv.fo\/en\/#\/schema\/logo\/image\/","url":"https:\/\/www.liv.fo\/wp-content\/uploads\/2024\/11\/liv-logo.png","contentUrl":"https:\/\/www.liv.fo\/wp-content\/uploads\/2024\/11\/liv-logo.png","width":82,"height":88,"caption":"Tryggingarfelagi\u00f0 L\u00cdV"},"image":{"@id":"https:\/\/www.liv.fo\/en\/#\/schema\/logo\/image\/"}}]}},"_links":{"self":[{"href":"https:\/\/www.liv.fo\/en\/wp-json\/wp\/v2\/pages\/794","targetHints":{"allow":["GET"]}}],"collection":[{"href":"https:\/\/www.liv.fo\/en\/wp-json\/wp\/v2\/pages"}],"about":[{"href":"https:\/\/www.liv.fo\/en\/wp-json\/wp\/v2\/types\/page"}],"author":[{"embeddable":true,"href":"https:\/\/www.liv.fo\/en\/wp-json\/wp\/v2\/users\/4"}],"replies":[{"embeddable":true,"href":"https:\/\/www.liv.fo\/en\/wp-json\/wp\/v2\/comments?post=794"}],"version-history":[{"count":3,"href":"https:\/\/www.liv.fo\/en\/wp-json\/wp\/v2\/pages\/794\/revisions"}],"predecessor-version":[{"id":3818,"href":"https:\/\/www.liv.fo\/en\/wp-json\/wp\/v2\/pages\/794\/revisions\/3818"}],"wp:attachment":[{"href":"https:\/\/www.liv.fo\/en\/wp-json\/wp\/v2\/media?parent=794"}],"curies":[{"name":"wp","href":"https:\/\/api.w.org\/{rel}","templated":true}]}}