{"id":785,"date":"2025-01-15T14:42:39","date_gmt":"2025-01-15T14:42:39","guid":{"rendered":"https:\/\/www.liv.fo\/?page_id=785"},"modified":"2026-02-24T10:42:20","modified_gmt":"2026-02-24T10:42:20","slug":"the-board","status":"publish","type":"page","link":"https:\/\/www.liv.fo\/en\/the-board\/","title":{"rendered":"The board"},"content":{"rendered":"\n<h2 class=\"wp-block-heading\">The board<\/h2>\n\n\n\n<div class=\"wp-block-columns is-layout-flex wp-container-core-columns-is-layout-28f84493 wp-block-columns-is-layout-flex\">\n<div class=\"wp-block-column is-layout-flow wp-block-column-is-layout-flow\">\n<h3 class=\"wp-block-heading\">\u00c1rni H. Ellefsen<\/h3>\n\n\n\n<p><strong>Chairman<\/strong><br>P\/F Tryggingarfelagi\u00f0 L\u00cdV<\/p>\n\n\n\n<p><strong>Other Board Positions<\/strong><br>P\/F L\u00cdV Fastogn &#8211; Chairman<br>L\u00cdV l\u00edvs-og pensj\u00f3nstryggingarfelag &#8211; Board Member<br>P\/F Postverk F\u00f8roya &#8211; Chairman<br>Sp\/F Krafta &#8211; Chairman<br>P\/F SMS &#8211; Board Member<br>P\/F Mi\u00f0lon &#8211; Board Member<br>P\/F Firum &#8211; Board Member<br>Sp\/F PB-Consult &#8211; Board Member<br>P\/F Royndin &#8211; Board Member<\/p>\n<\/div>\n\n\n\n<div class=\"wp-block-column is-layout-flow wp-block-column-is-layout-flow\">\n<figure class=\"wp-block-image size-full is-resized\"><img loading=\"lazy\" decoding=\"async\" width=\"684\" height=\"667\" src=\"https:\/\/www.liv.fo\/wp-content\/uploads\/2026\/02\/arni-nevndin-farva-Kopi-GRATT-\u2013-redigeret.jpg\" alt=\"\" class=\"wp-image-4157\" style=\"aspect-ratio:1.0255007704160246;width:261px;height:auto\"\/><\/figure>\n<\/div>\n<\/div>\n\n\n\n<div style=\"height:34px\" aria-hidden=\"true\" class=\"wp-block-spacer\"><\/div>\n\n\n\n<div class=\"wp-block-columns is-layout-flex wp-container-core-columns-is-layout-28f84493 wp-block-columns-is-layout-flex\">\n<div class=\"wp-block-column is-layout-flow wp-block-column-is-layout-flow\">\n<h3 class=\"wp-block-heading\">Hanna \u00ed Horni<\/h3>\n\n\n\n<p><strong>Vice Chair<\/strong><br>P\/F Tryggingarfelagi\u00f0 L\u00cdV<\/p>\n\n\n\n<p><strong>Other Board Positions<\/strong><br>P\/F L\u00cdV Real Estate<br>Finance and Administration Committee in the South Pacific Regional Fisheries Management Organisation (SPRFMO)<\/p>\n\n\n\n<p><strong>Current Position<\/strong><br>Ambassador of the Faroe Islands to Iceland and Greenland<\/p>\n\n\n\n<p><strong>Work Experience<\/strong><br>2019-2023: Ministry of Foreign Affairs &#8211; Head of Mission to the United Nations (UN) &#8211; Human Rights Committees and Team Leader for Development Cooperation and Humanitarian Aid.<br>2015-2019: Ministry of Foreign Affairs &#8211; Leader of the Arctic Team, Representative of the Faroe Islands in the Arctic Council, and Head of Mission to the Faroe Islands\u2019 SPRFMO (South Pacific Regional Fisheries Management Organisation).<\/p>\n\n\n\n<p>2011-2015: Prime Minister&#8217;s Office &#8211; Head of Arctic Team, Faroese Representative (Senior Arctic Official) in the Arctic Council, Head of Faroese Mission in NAMMCO (North Atlantic Marine Mammal Commission) and Member of Finance Committee, Head of Faroese Office in the Hoyv\u00edk Agreement, Faroese Representative in the Advisory Committee on Arctic Affairs in the Nordic Council of Ministers, Faroese Representative in IWC (International Whaling Commission). Ministry of Foreign Affairs<br>2008-2011: Representative for Faroese Affairs with the EU, EFTA, and WTO. Member of the investigative committee set up by the government in 2009 to examine the conditions for the most beneficial relations between the Faroes and the EU (The Yellow Report). Faroese Mission in the EU<br>2007-2008: Official in education affairs and secretary.<\/p>\n\n\n\n<p><strong>Education<\/strong><br>2018: CBS Executive &#8211; Board Work in Financial Companies &#8211; Pension &amp; Insurance<br>2009: PhD in International Relations<br>2002: MA in International Relations<br>1999: BSc in Politics and Anthropology<\/p>\n<\/div>\n\n\n\n<div class=\"wp-block-column is-layout-flow wp-block-column-is-layout-flow\">\n<figure class=\"wp-block-image size-large is-resized\"><img loading=\"lazy\" decoding=\"async\" width=\"959\" height=\"1440\" src=\"https:\/\/www.liv.fo\/wp-content\/uploads\/2025\/01\/hanna-959x1440.jpg\" alt=\"\" class=\"wp-image-721\" style=\"width:216px;height:auto\" srcset=\"https:\/\/www.liv.fo\/wp-content\/uploads\/2025\/01\/hanna-959x1440.jpg 959w, https:\/\/www.liv.fo\/wp-content\/uploads\/2025\/01\/hanna-533x800.jpg 533w, https:\/\/www.liv.fo\/wp-content\/uploads\/2025\/01\/hanna-768x1153.jpg 768w, https:\/\/www.liv.fo\/wp-content\/uploads\/2025\/01\/hanna-1023x1536.jpg 1023w, https:\/\/www.liv.fo\/wp-content\/uploads\/2025\/01\/hanna.jpg 1152w\" sizes=\"auto, (max-width: 959px) 100vw, 959px\" \/><\/figure>\n<\/div>\n<\/div>\n\n\n\n<div style=\"height:34px\" aria-hidden=\"true\" class=\"wp-block-spacer\"><\/div>\n\n\n\n<div class=\"wp-block-columns is-layout-flex wp-container-core-columns-is-layout-28f84493 wp-block-columns-is-layout-flex\">\n<div class=\"wp-block-column is-layout-flow wp-block-column-is-layout-flow\">\n<h3 class=\"wp-block-heading\">Finn Danberg<\/h3>\n\n\n\n<p><strong>Chairman of the Board<\/strong><br>P\/F L\u00cdV Life and Pension Insurance<\/p>\n\n\n\n<p><strong>Other Board Positions<\/strong><br>Sp\/F Jar\u00f0ir &#8211; Board Member<\/p>\n\n\n\n<p><strong>Current Positions<\/strong><br>Director of Sp\/F Jar\u00f0ir<br>Director &#8211; Lyfta Sp\/F<br>Director &#8211; Sp\/F Danberg<\/p>\n\n\n\n<p><strong>Work Experience<\/strong><br>Greenland Natural Institute &#8211; 1st Master<\/p>\n\n\n\n<p>Maersk &#8211; Marine Engineer<br>Nema &#8211; Financial Director<br>Eik Bank &#8211; Assistant Director and Financial Director<br>Eik Bank &#8211; Head of Eik Markets<br>Unemployment Insurance Scheme &#8211; Financial Director<br>National Hospital &#8211; Financial Director<\/p>\n\n\n\n<p><strong>Education and Courses<\/strong><br>2014-17: Marine Engineer, Business School<br>2013-14: Board Member Training for Insurance Companies<br>2010: Leadership Course from IMD and the Armed Forces Centre for Leadership<br>1989-95: Cand.merc.aud and HA from Aarhus University (Business School)<\/p>\n<\/div>\n\n\n\n<div class=\"wp-block-column is-layout-flow wp-block-column-is-layout-flow\">\n<figure class=\"wp-block-image size-large is-resized\"><img loading=\"lazy\" decoding=\"async\" width=\"959\" height=\"1440\" src=\"https:\/\/www.liv.fo\/wp-content\/uploads\/2025\/01\/danberg-959x1440.jpg\" alt=\"\" class=\"wp-image-723\" style=\"width:204px;height:auto\" srcset=\"https:\/\/www.liv.fo\/wp-content\/uploads\/2025\/01\/danberg-959x1440.jpg 959w, https:\/\/www.liv.fo\/wp-content\/uploads\/2025\/01\/danberg-533x800.jpg 533w, https:\/\/www.liv.fo\/wp-content\/uploads\/2025\/01\/danberg-768x1153.jpg 768w, https:\/\/www.liv.fo\/wp-content\/uploads\/2025\/01\/danberg-1023x1536.jpg 1023w, https:\/\/www.liv.fo\/wp-content\/uploads\/2025\/01\/danberg.jpg 1152w\" sizes=\"auto, (max-width: 959px) 100vw, 959px\" \/><\/figure>\n<\/div>\n<\/div>\n\n\n\n<div style=\"height:45px\" aria-hidden=\"true\" class=\"wp-block-spacer\"><\/div>\n\n\n\n<div class=\"wp-block-columns is-layout-flex wp-container-core-columns-is-layout-28f84493 wp-block-columns-is-layout-flex\">\n<div class=\"wp-block-column is-layout-flow wp-block-column-is-layout-flow\">\n<h3 class=\"wp-block-heading\">Gunnleyg \u00c1rnafjall<\/h3>\n\n\n\n<p><strong>Vice Chair<\/strong><br>P\/F L\u00cdV Life and Pension Insurance<\/p>\n\n\n\n<p><strong>Other Board Positions<\/strong><br>P\/F Royndin &#8211; Member<\/p>\n\n\n\n<p><strong>Current Position<\/strong><br>Representative at the Ministry of Foreign Affairs and Trade<\/p>\n<\/div>\n\n\n\n<div class=\"wp-block-column is-layout-flow wp-block-column-is-layout-flow\">\n<figure class=\"wp-block-image size-large is-resized\"><img loading=\"lazy\" decoding=\"async\" width=\"959\" height=\"1440\" src=\"https:\/\/www.liv.fo\/wp-content\/uploads\/2025\/01\/gunnlryg-959x1440.jpg\" alt=\"\" class=\"wp-image-725\" style=\"width:207px;height:auto\" srcset=\"https:\/\/www.liv.fo\/wp-content\/uploads\/2025\/01\/gunnlryg-959x1440.jpg 959w, https:\/\/www.liv.fo\/wp-content\/uploads\/2025\/01\/gunnlryg-533x800.jpg 533w, https:\/\/www.liv.fo\/wp-content\/uploads\/2025\/01\/gunnlryg-768x1153.jpg 768w, https:\/\/www.liv.fo\/wp-content\/uploads\/2025\/01\/gunnlryg-1023x1536.jpg 1023w, https:\/\/www.liv.fo\/wp-content\/uploads\/2025\/01\/gunnlryg.jpg 1152w\" sizes=\"auto, (max-width: 959px) 100vw, 959px\" \/><\/figure>\n<\/div>\n<\/div>\n\n\n\n<div style=\"height:45px\" aria-hidden=\"true\" class=\"wp-block-spacer\"><\/div>\n\n\n\n<div class=\"wp-block-columns is-layout-flex wp-container-core-columns-is-layout-28f84493 wp-block-columns-is-layout-flex\">\n<div class=\"wp-block-column is-layout-flow wp-block-column-is-layout-flow\">\n<h3 class=\"wp-block-heading\">K\u00e1ri Petersen<\/h3>\n\n\n\n<p><strong>Board Member<\/strong><br>P\/F Tryggingarfelagi\u00f0 L\u00cdV<br>P\/F L\u00cdV Life and Pension Insurance<\/p>\n\n\n\n<p><strong>Other Board Positions<\/strong><br>P\/F Royndin<br>P\/F L\u00cdV Real Estate<\/p>\n\n\n\n<p><strong>Current Position<\/strong><br>Landsbanki F\u00f8roya<\/p>\n\n\n\n<p><strong>Work Experience<\/strong><br>1990-98: Director of the Financial and Economic Department of the State<br>1989-90: Landsbanki F\u00f8roya<br>1987-89: F\u00f8roya Arbei\u00f0arafelag<br>1986-87: Fossbanki<\/p>\n\n\n\n<p><strong>Education<\/strong><br>2018: CBS Executive: Board Work in Financial Companies &#8211; Pension &amp; Insurance<br>2000: MBA City University Business School, London<br>1986: Cand. Polit<\/p>\n<\/div>\n\n\n\n<div class=\"wp-block-column is-layout-flow wp-block-column-is-layout-flow\">\n<figure class=\"wp-block-image size-large is-resized\"><img loading=\"lazy\" decoding=\"async\" width=\"959\" height=\"1440\" src=\"https:\/\/www.liv.fo\/wp-content\/uploads\/2025\/01\/kari-959x1440.jpg\" alt=\"\" class=\"wp-image-727\" style=\"width:215px;height:auto\" srcset=\"https:\/\/www.liv.fo\/wp-content\/uploads\/2025\/01\/kari-959x1440.jpg 959w, https:\/\/www.liv.fo\/wp-content\/uploads\/2025\/01\/kari-533x800.jpg 533w, https:\/\/www.liv.fo\/wp-content\/uploads\/2025\/01\/kari-768x1153.jpg 768w, https:\/\/www.liv.fo\/wp-content\/uploads\/2025\/01\/kari-1023x1536.jpg 1023w, https:\/\/www.liv.fo\/wp-content\/uploads\/2025\/01\/kari.jpg 1152w\" sizes=\"auto, (max-width: 959px) 100vw, 959px\" \/><\/figure>\n<\/div>\n<\/div>\n\n\n\n<div style=\"height:44px\" aria-hidden=\"true\" class=\"wp-block-spacer\"><\/div>\n\n\n\n<div class=\"wp-block-columns is-layout-flex wp-container-core-columns-is-layout-28f84493 wp-block-columns-is-layout-flex\">\n<div class=\"wp-block-column is-layout-flow wp-block-column-is-layout-flow\">\n<h3 class=\"wp-block-heading\">\u00c1rni Arge<\/h3>\n\n\n\n<p><strong>Board Member<\/strong><br>P\/F Tryggingarfelagi\u00f0 L\u00cdV<br>P\/F L\u00cdV Life and Pension Insurance<\/p>\n\n\n\n<p><strong>Other Board Positions<\/strong><br>P\/F Royndin &#8211; Member<br>P\/F L\u00cdV Real Estate &#8211; Member<br>P\/F Formula Solutions &#8211; Chairman<\/p>\n\n\n\n<p><strong>Current Position<\/strong><br>CFO, Formula P\/F (2008 &#8211; Present)<br>CEO &#8211; P\/F Seiggi<br>CEO &#8211; P\/F Oktava<br>CEO &#8211; Sp\/F Taroa<\/p>\n\n\n\n<p><strong>Work Experience<\/strong><br>CEO and Partner, Vikubla\u00f0i\u00f0 and the advertising company Petur &amp; Petur P\/F<br>CEO, Faroe Seafood P\/F<br>Financial and Vice Director, Faroe Seafood P\/F<br>Controller, Kraft Foods A\/S, Glostrup, Denmark<br>CFO, Olaf S\u00f8rensen A\/S, Copenhagen, Denmark<br>CEO, Vilhelm Nielsen P\/F, car sales<\/p>\n\n\n\n<p><strong>Education and Courses<\/strong><br>2018: CBS Executive: Board Work in Financial Companies &#8211; Pension &amp; Insurance<br>2015: Executive MBA, Henley Business School, UK<br>2010: OWP, IMD Lausanne, Switzerland<br>1993: Cand. merc, Copenhagen Business School, Denmark<br>1988: HA Degree, Copenhagen Business School, Denmark<\/p>\n<\/div>\n\n\n\n<div class=\"wp-block-column is-layout-flow wp-block-column-is-layout-flow\">\n<figure class=\"wp-block-image size-large is-resized\"><img loading=\"lazy\" decoding=\"async\" width=\"959\" height=\"1440\" src=\"https:\/\/www.liv.fo\/wp-content\/uploads\/2025\/01\/arni-arge-959x1440.jpg\" alt=\"\" class=\"wp-image-729\" style=\"width:247px;height:auto\" srcset=\"https:\/\/www.liv.fo\/wp-content\/uploads\/2025\/01\/arni-arge-959x1440.jpg 959w, https:\/\/www.liv.fo\/wp-content\/uploads\/2025\/01\/arni-arge-533x800.jpg 533w, https:\/\/www.liv.fo\/wp-content\/uploads\/2025\/01\/arni-arge-768x1153.jpg 768w, https:\/\/www.liv.fo\/wp-content\/uploads\/2025\/01\/arni-arge-1023x1536.jpg 1023w, https:\/\/www.liv.fo\/wp-content\/uploads\/2025\/01\/arni-arge.jpg 1152w\" sizes=\"auto, (max-width: 959px) 100vw, 959px\" \/><\/figure>\n<\/div>\n<\/div>\n\n\n\n<div style=\"height:44px\" aria-hidden=\"true\" class=\"wp-block-spacer\"><\/div>\n\n\n\n<div class=\"wp-block-columns is-layout-flex wp-container-core-columns-is-layout-28f84493 wp-block-columns-is-layout-flex\">\n<div class=\"wp-block-column is-layout-flow wp-block-column-is-layout-flow\">\n<h3 class=\"wp-block-heading\">S\u00fani Selfoss<\/h3>\n\n\n\n<p><strong>Board Member<\/strong><br>P\/F Tryggingarfelagi\u00f0 L\u00cdV<\/p>\n\n\n\n<p><strong>Other Board Positions<\/strong><br>P\/F L\u00cdV Real Estate &#8211; Member<br>Starvsfelagi\u00f0 &#8211; Chairman<br>P\/F Fakfelag &#8211; Member<br>Collective Insurance Fund of Starvsfelagi\u00f0 &#8211; Member<\/p>\n\n\n\n<p><strong>Current Position<\/strong><br>Chairman of Starvsfelagi\u00f0 (2016 &#8211; Present)<\/p>\n\n\n\n<p><strong>Work Experience<\/strong><br>\u00datvarp F\u00f8roya\/Kringvarp F\u00f8roya (1985 &#8211; 2016) <em>on leave<\/em><br>Board Member of Starvsfelagi\u00f0 (2000 &#8211; 2006, 2007 &#8211; Present)<br>Vice Chairman of Starvsfelagi\u00f0 (2008 &#8211; 2016)<br>Chairman of Starvsfelagi\u00f0 (2016 &#8211; Present)<\/p>\n\n\n\n<p><strong>Education<\/strong><br>2018: CBS Executive: Board Work in Financial Companies &#8211; Pension &amp; Insurance<br>Program Technician, \u00datvarp F\u00f8roya<br>Adult Educator, LO Sk\u00falin in Helsing\u00f8r<br>Conflict Mediator, Center for Conflict Resolution in Frederiksberg<br>Advanced Leadership Program &#8211; Glasir<br>Specialization in Law, University of the Faroe Islands<\/p>\n<\/div>\n\n\n\n<div class=\"wp-block-column is-layout-flow wp-block-column-is-layout-flow\">\n<figure class=\"wp-block-image size-large is-resized\"><img loading=\"lazy\" decoding=\"async\" width=\"959\" height=\"1440\" src=\"https:\/\/www.liv.fo\/wp-content\/uploads\/2025\/01\/suni-selfoss-959x1440.jpg\" alt=\"\" class=\"wp-image-731\" style=\"width:238px;height:auto\" srcset=\"https:\/\/www.liv.fo\/wp-content\/uploads\/2025\/01\/suni-selfoss-959x1440.jpg 959w, https:\/\/www.liv.fo\/wp-content\/uploads\/2025\/01\/suni-selfoss-533x800.jpg 533w, https:\/\/www.liv.fo\/wp-content\/uploads\/2025\/01\/suni-selfoss-768x1153.jpg 768w, https:\/\/www.liv.fo\/wp-content\/uploads\/2025\/01\/suni-selfoss-1023x1536.jpg 1023w, https:\/\/www.liv.fo\/wp-content\/uploads\/2025\/01\/suni-selfoss.jpg 1152w\" sizes=\"auto, (max-width: 959px) 100vw, 959px\" \/><\/figure>\n<\/div>\n<\/div>\n","protected":false},"excerpt":{"rendered":"<p>The board \u00c1rni H. Ellefsen ChairmanP\/F Tryggingarfelagi\u00f0 L\u00cdV Other Board PositionsP\/F L\u00cdV Fastogn &#8211; ChairmanL\u00cdV l\u00edvs-og pensj\u00f3nstryggingarfelag &#8211; Board MemberP\/F Postverk F\u00f8roya &#8211; ChairmanSp\/F Krafta &#8211; ChairmanP\/F SMS &#8211; Board MemberP\/F Mi\u00f0lon &#8211; Board MemberP\/F Firum &#8211; Board MemberSp\/F PB-Consult &#8211; Board MemberP\/F Royndin &#8211; Board Member Hanna \u00ed Horni Vice ChairP\/F Tryggingarfelagi\u00f0 L\u00cdV Other [&hellip;]<\/p>\n","protected":false},"author":4,"featured_media":0,"parent":0,"menu_order":0,"comment_status":"closed","ping_status":"closed","template":"page-no-title","meta":{"_acf_changed":false,"footnotes":""},"class_list":["post-785","page","type-page","status-publish","hentry"],"acf":[],"yoast_head":"<!-- This site is optimized with the Yoast SEO plugin v27.5 - https:\/\/yoast.com\/product\/yoast-seo-wordpress\/ -->\n<title>The board - Tryggingarfelagi\u00f0 L\u00cdV<\/title>\n<meta name=\"robots\" content=\"index, follow, max-snippet:-1, max-image-preview:large, max-video-preview:-1\" \/>\n<link rel=\"canonical\" href=\"https:\/\/www.liv.fo\/en\/the-board\/\" \/>\n<meta property=\"og:locale\" content=\"en_US\" \/>\n<meta property=\"og:type\" content=\"article\" \/>\n<meta property=\"og:title\" content=\"The board - Tryggingarfelagi\u00f0 L\u00cdV\" \/>\n<meta property=\"og:description\" content=\"The board \u00c1rni H. Ellefsen ChairmanP\/F Tryggingarfelagi\u00f0 L\u00cdV Other Board PositionsP\/F L\u00cdV Fastogn &#8211; ChairmanL\u00cdV l\u00edvs-og pensj\u00f3nstryggingarfelag &#8211; Board MemberP\/F Postverk F\u00f8roya &#8211; ChairmanSp\/F Krafta &#8211; ChairmanP\/F SMS &#8211; Board MemberP\/F Mi\u00f0lon &#8211; Board MemberP\/F Firum &#8211; Board MemberSp\/F PB-Consult &#8211; Board MemberP\/F Royndin &#8211; Board Member Hanna \u00ed Horni Vice ChairP\/F Tryggingarfelagi\u00f0 L\u00cdV Other [&hellip;]\" \/>\n<meta property=\"og:url\" content=\"https:\/\/www.liv.fo\/en\/the-board\/\" \/>\n<meta property=\"og:site_name\" content=\"Tryggingarfelagi\u00f0 L\u00cdV\" \/>\n<meta property=\"article:modified_time\" content=\"2026-02-24T10:42:20+00:00\" \/>\n<meta property=\"og:image\" content=\"https:\/\/www.liv.fo\/wp-content\/uploads\/2025\/01\/hanna-959x1440.jpg\" \/>\n<meta name=\"twitter:card\" content=\"summary_large_image\" \/>\n<meta name=\"twitter:label1\" content=\"Est. reading time\" \/>\n\t<meta name=\"twitter:data1\" content=\"6 minutes\" \/>\n<script type=\"application\/ld+json\" class=\"yoast-schema-graph\">{\"@context\":\"https:\\\/\\\/schema.org\",\"@graph\":[{\"@type\":\"WebPage\",\"@id\":\"https:\\\/\\\/www.liv.fo\\\/en\\\/the-board\\\/\",\"url\":\"https:\\\/\\\/www.liv.fo\\\/en\\\/the-board\\\/\",\"name\":\"The board - Tryggingarfelagi\u00f0 L\u00cdV\",\"isPartOf\":{\"@id\":\"https:\\\/\\\/www.liv.fo\\\/en\\\/#website\"},\"primaryImageOfPage\":{\"@id\":\"https:\\\/\\\/www.liv.fo\\\/en\\\/the-board\\\/#primaryimage\"},\"image\":{\"@id\":\"https:\\\/\\\/www.liv.fo\\\/en\\\/the-board\\\/#primaryimage\"},\"thumbnailUrl\":\"https:\\\/\\\/www.liv.fo\\\/wp-content\\\/uploads\\\/2025\\\/01\\\/hanna-959x1440.jpg\",\"datePublished\":\"2025-01-15T14:42:39+00:00\",\"dateModified\":\"2026-02-24T10:42:20+00:00\",\"breadcrumb\":{\"@id\":\"https:\\\/\\\/www.liv.fo\\\/en\\\/the-board\\\/#breadcrumb\"},\"inLanguage\":\"en-US\",\"potentialAction\":[{\"@type\":\"ReadAction\",\"target\":[\"https:\\\/\\\/www.liv.fo\\\/en\\\/the-board\\\/\"]}]},{\"@type\":\"ImageObject\",\"inLanguage\":\"en-US\",\"@id\":\"https:\\\/\\\/www.liv.fo\\\/en\\\/the-board\\\/#primaryimage\",\"url\":\"https:\\\/\\\/www.liv.fo\\\/wp-content\\\/uploads\\\/2025\\\/01\\\/hanna-959x1440.jpg\",\"contentUrl\":\"https:\\\/\\\/www.liv.fo\\\/wp-content\\\/uploads\\\/2025\\\/01\\\/hanna-959x1440.jpg\"},{\"@type\":\"BreadcrumbList\",\"@id\":\"https:\\\/\\\/www.liv.fo\\\/en\\\/the-board\\\/#breadcrumb\",\"itemListElement\":[{\"@type\":\"ListItem\",\"position\":1,\"name\":\"Home\",\"item\":\"https:\\\/\\\/www.liv.fo\\\/en\\\/\"},{\"@type\":\"ListItem\",\"position\":2,\"name\":\"The board\"}]},{\"@type\":\"WebSite\",\"@id\":\"https:\\\/\\\/www.liv.fo\\\/en\\\/#website\",\"url\":\"https:\\\/\\\/www.liv.fo\\\/en\\\/\",\"name\":\"Tryggingarfelagi\u00f0 L\u00cdV\",\"description\":\"\",\"publisher\":{\"@id\":\"https:\\\/\\\/www.liv.fo\\\/en\\\/#organization\"},\"potentialAction\":[{\"@type\":\"SearchAction\",\"target\":{\"@type\":\"EntryPoint\",\"urlTemplate\":\"https:\\\/\\\/www.liv.fo\\\/en\\\/?s={search_term_string}\"},\"query-input\":{\"@type\":\"PropertyValueSpecification\",\"valueRequired\":true,\"valueName\":\"search_term_string\"}}],\"inLanguage\":\"en-US\"},{\"@type\":\"Organization\",\"@id\":\"https:\\\/\\\/www.liv.fo\\\/en\\\/#organization\",\"name\":\"Tryggingarfelagi\u00f0 L\u00cdV\",\"url\":\"https:\\\/\\\/www.liv.fo\\\/en\\\/\",\"logo\":{\"@type\":\"ImageObject\",\"inLanguage\":\"en-US\",\"@id\":\"https:\\\/\\\/www.liv.fo\\\/en\\\/#\\\/schema\\\/logo\\\/image\\\/\",\"url\":\"https:\\\/\\\/www.liv.fo\\\/wp-content\\\/uploads\\\/2024\\\/11\\\/liv-logo.png\",\"contentUrl\":\"https:\\\/\\\/www.liv.fo\\\/wp-content\\\/uploads\\\/2024\\\/11\\\/liv-logo.png\",\"width\":82,\"height\":88,\"caption\":\"Tryggingarfelagi\u00f0 L\u00cdV\"},\"image\":{\"@id\":\"https:\\\/\\\/www.liv.fo\\\/en\\\/#\\\/schema\\\/logo\\\/image\\\/\"}}]}<\/script>\n<!-- \/ Yoast SEO plugin. -->","yoast_head_json":{"title":"The board - Tryggingarfelagi\u00f0 L\u00cdV","robots":{"index":"index","follow":"follow","max-snippet":"max-snippet:-1","max-image-preview":"max-image-preview:large","max-video-preview":"max-video-preview:-1"},"canonical":"https:\/\/www.liv.fo\/en\/the-board\/","og_locale":"en_US","og_type":"article","og_title":"The board - Tryggingarfelagi\u00f0 L\u00cdV","og_description":"The board \u00c1rni H. Ellefsen ChairmanP\/F Tryggingarfelagi\u00f0 L\u00cdV Other Board PositionsP\/F L\u00cdV Fastogn &#8211; ChairmanL\u00cdV l\u00edvs-og pensj\u00f3nstryggingarfelag &#8211; Board MemberP\/F Postverk F\u00f8roya &#8211; ChairmanSp\/F Krafta &#8211; ChairmanP\/F SMS &#8211; Board MemberP\/F Mi\u00f0lon &#8211; Board MemberP\/F Firum &#8211; Board MemberSp\/F PB-Consult &#8211; Board MemberP\/F Royndin &#8211; Board Member Hanna \u00ed Horni Vice ChairP\/F Tryggingarfelagi\u00f0 L\u00cdV Other [&hellip;]","og_url":"https:\/\/www.liv.fo\/en\/the-board\/","og_site_name":"Tryggingarfelagi\u00f0 L\u00cdV","article_modified_time":"2026-02-24T10:42:20+00:00","og_image":[{"url":"https:\/\/www.liv.fo\/wp-content\/uploads\/2025\/01\/hanna-959x1440.jpg","type":"","width":"","height":""}],"twitter_card":"summary_large_image","twitter_misc":{"Est. reading time":"6 minutes"},"schema":{"@context":"https:\/\/schema.org","@graph":[{"@type":"WebPage","@id":"https:\/\/www.liv.fo\/en\/the-board\/","url":"https:\/\/www.liv.fo\/en\/the-board\/","name":"The board - Tryggingarfelagi\u00f0 L\u00cdV","isPartOf":{"@id":"https:\/\/www.liv.fo\/en\/#website"},"primaryImageOfPage":{"@id":"https:\/\/www.liv.fo\/en\/the-board\/#primaryimage"},"image":{"@id":"https:\/\/www.liv.fo\/en\/the-board\/#primaryimage"},"thumbnailUrl":"https:\/\/www.liv.fo\/wp-content\/uploads\/2025\/01\/hanna-959x1440.jpg","datePublished":"2025-01-15T14:42:39+00:00","dateModified":"2026-02-24T10:42:20+00:00","breadcrumb":{"@id":"https:\/\/www.liv.fo\/en\/the-board\/#breadcrumb"},"inLanguage":"en-US","potentialAction":[{"@type":"ReadAction","target":["https:\/\/www.liv.fo\/en\/the-board\/"]}]},{"@type":"ImageObject","inLanguage":"en-US","@id":"https:\/\/www.liv.fo\/en\/the-board\/#primaryimage","url":"https:\/\/www.liv.fo\/wp-content\/uploads\/2025\/01\/hanna-959x1440.jpg","contentUrl":"https:\/\/www.liv.fo\/wp-content\/uploads\/2025\/01\/hanna-959x1440.jpg"},{"@type":"BreadcrumbList","@id":"https:\/\/www.liv.fo\/en\/the-board\/#breadcrumb","itemListElement":[{"@type":"ListItem","position":1,"name":"Home","item":"https:\/\/www.liv.fo\/en\/"},{"@type":"ListItem","position":2,"name":"The board"}]},{"@type":"WebSite","@id":"https:\/\/www.liv.fo\/en\/#website","url":"https:\/\/www.liv.fo\/en\/","name":"Tryggingarfelagi\u00f0 L\u00cdV","description":"","publisher":{"@id":"https:\/\/www.liv.fo\/en\/#organization"},"potentialAction":[{"@type":"SearchAction","target":{"@type":"EntryPoint","urlTemplate":"https:\/\/www.liv.fo\/en\/?s={search_term_string}"},"query-input":{"@type":"PropertyValueSpecification","valueRequired":true,"valueName":"search_term_string"}}],"inLanguage":"en-US"},{"@type":"Organization","@id":"https:\/\/www.liv.fo\/en\/#organization","name":"Tryggingarfelagi\u00f0 L\u00cdV","url":"https:\/\/www.liv.fo\/en\/","logo":{"@type":"ImageObject","inLanguage":"en-US","@id":"https:\/\/www.liv.fo\/en\/#\/schema\/logo\/image\/","url":"https:\/\/www.liv.fo\/wp-content\/uploads\/2024\/11\/liv-logo.png","contentUrl":"https:\/\/www.liv.fo\/wp-content\/uploads\/2024\/11\/liv-logo.png","width":82,"height":88,"caption":"Tryggingarfelagi\u00f0 L\u00cdV"},"image":{"@id":"https:\/\/www.liv.fo\/en\/#\/schema\/logo\/image\/"}}]}},"_links":{"self":[{"href":"https:\/\/www.liv.fo\/en\/wp-json\/wp\/v2\/pages\/785","targetHints":{"allow":["GET"]}}],"collection":[{"href":"https:\/\/www.liv.fo\/en\/wp-json\/wp\/v2\/pages"}],"about":[{"href":"https:\/\/www.liv.fo\/en\/wp-json\/wp\/v2\/types\/page"}],"author":[{"embeddable":true,"href":"https:\/\/www.liv.fo\/en\/wp-json\/wp\/v2\/users\/4"}],"replies":[{"embeddable":true,"href":"https:\/\/www.liv.fo\/en\/wp-json\/wp\/v2\/comments?post=785"}],"version-history":[{"count":6,"href":"https:\/\/www.liv.fo\/en\/wp-json\/wp\/v2\/pages\/785\/revisions"}],"predecessor-version":[{"id":4161,"href":"https:\/\/www.liv.fo\/en\/wp-json\/wp\/v2\/pages\/785\/revisions\/4161"}],"wp:attachment":[{"href":"https:\/\/www.liv.fo\/en\/wp-json\/wp\/v2\/media?parent=785"}],"curies":[{"name":"wp","href":"https:\/\/api.w.org\/{rel}","templated":true}]}}