{"id":1548,"date":"2025-02-24T20:14:55","date_gmt":"2025-02-24T20:14:55","guid":{"rendered":"https:\/\/www.liv.fo\/?page_id=1548"},"modified":"2025-07-04T13:12:41","modified_gmt":"2025-07-04T13:12:41","slug":"liv-unions","status":"publish","type":"page","link":"https:\/\/www.liv.fo\/en\/unions\/liv-unions\/","title":{"rendered":"L\u00cdV &amp; Unions"},"content":{"rendered":"\n<div style=\"height:73px\" aria-hidden=\"true\" class=\"wp-block-spacer\"><\/div>\n\n\n\n<div style=\"height:60px\" aria-hidden=\"true\" class=\"wp-block-spacer hide-pdf\"><\/div>\n\n\n\n<div class=\"wp-block-group alignwide hide-pdf is-content-justification-right is-nowrap is-layout-flex wp-container-core-group-is-layout-17124a9a wp-block-group-is-layout-flex\">\n<\/div>\n\n\n\n<div class=\"wp-block-group pdf-title_container has-global-padding is-layout-constrained wp-container-core-group-is-layout-346627ba wp-block-group-is-layout-constrained\"><h2 style=\"font-size:clamp(2.2rem, 2.2rem + ((1vw - 0.2rem) * 3.025), 4rem);\" class=\"has-text-align-center wp-block-post-title\">L\u00cdV &amp; Unions<\/h2>\n\n\n<div style=\"height:38px\" aria-hidden=\"true\" class=\"wp-block-spacer hide-pdf\"><\/div>\n<\/div>\n\n\n\n<div class=\"wp-block-columns is-layout-flex wp-container-core-columns-is-layout-28f84493 wp-block-columns-is-layout-flex\">\n<div class=\"wp-block-column is-layout-flow wp-block-column-is-layout-flow\">\n<h5 class=\"wp-block-heading\">WELCOME<\/h5>\n\n\n\n<p>L\u00cdV has agreements with most <br>trade unions. The trade union<br>offer its members insurance and<br>pension in cooperation with Tryggingarfelagi\u00f0 L\u00cdV. The agreement is valid for members, but membership can also be conditional on full work capability. Insurance ceases the month after you reach the pension age. If you are no longer a member or when you leave your job. If you leave the scheme before retirement age, continuation of the insurance can be arranged with L\u00cdV.<\/p>\n\n\n\n<p>You can see the unions and agreements on the faroese homepage <mark style=\"background-color:rgba(0, 0, 0, 0)\" class=\"has-inline-color has-orange-color\">www.liv.fo <\/mark><mark style=\"background-color:rgba(0, 0, 0, 0)\" class=\"has-inline-color has-dark-blue-color\">,here you choose fakfel\u00f8g<\/mark>.<\/p>\n<\/div>\n\n\n\n<div class=\"wp-block-column is-layout-flow wp-block-column-is-layout-flow\">\n<h5 class=\"wp-block-heading\">GROUP INSURANCE<\/h5>\n\n\n\n<p>The insurance part is arranged as a group insurance and pays out according to agreement between L\u00cdV and our union.<\/p>\n\n\n\n<p>See the unions and agreements on the faroese homepage <mark style=\"background-color:rgba(0, 0, 0, 0)\" class=\"has-inline-color has-orange-color\">www.liv.fo <\/mark><mark style=\"background-color:rgba(0, 0, 0, 0)\" class=\"has-inline-color has-dark-blue-color\">,here you choose fakfel\u00f8g<\/mark>.<\/p>\n<\/div>\n\n\n\n<div class=\"wp-block-column is-layout-flow wp-block-column-is-layout-flow\">\n<h5 class=\"wp-block-heading\">SPECIFICATION<\/h5>\n\n\n\n<p>In event of death before reaching the pension age, the insurane will be paid out according to specification. It will be paid out to the &#8220;next of kin&#8221; unless another written agreement his made with L\u00cdV. &#8221; Next of kin&#8221; initially refers to the surviving spouse. If there is no spouse, it will be paid out to the children. If there are no children, payment will be made according to the will\/law of inheritance.<br><br><strong>If you wish the insurance amount to be paid out to others than the &#8220;next of kin&#8221;, for example, to a cohabiting partner, this must be notified to L\u00cdV in writing.<\/strong><br><br>The document &#8220;change of Specification&#8221; can be found at <a href=\"https:\/\/www.liv.fo\/en\/forms\/\">www.liv.fo\/forms.<\/a><br><br>To see your payments and agreements. Log in to <a href=\"https:\/\/innrita.samleiki.fo\/idp\/Authn\/External?conversation=e1s1\">M\u00edtt L\u00cdV.<\/a><\/p>\n\n\n\n<p><\/p>\n<\/div>\n<\/div>\n\n\n\n<div class=\"wp-block-group alignwide pdf__raageving pdf-only has-background has-global-padding is-content-justification-center is-layout-constrained wp-container-core-group-is-layout-54f243f2 wp-block-group-is-layout-constrained\" style=\"border-style:none;border-width:0px;background-color:#f8faff;margin-top:0;margin-bottom:0;padding-top:0rem;padding-right:0;padding-bottom:0rem;padding-left:0\">\n<div class=\"wp-block-columns alignwide is-layout-flex wp-container-core-columns-is-layout-6880d07a wp-block-columns-is-layout-flex\" style=\"padding-top:0;padding-bottom:0\">\n<div class=\"wp-block-column is-layout-flow wp-block-column-is-layout-flow\"><\/div>\n\n\n\n<div class=\"wp-block-column is-layout-flow wp-block-column-is-layout-flow\" style=\"flex-basis:178px\">\n<h3 class=\"wp-block-heading has-text-align-left has-large-font-size\">Advice<\/h3>\n\n\n\n<div style=\"height:2px\" aria-hidden=\"true\" class=\"wp-block-spacer\"><\/div>\n\n\n\n<p class=\"has-text-align-left\">You are always welcome to contact us at L\u00cdV<\/p>\n\n\n\n<div style=\"height:2px\" aria-hidden=\"true\" class=\"wp-block-spacer\"><\/div>\n\n\n\n<p class=\"has-text-align-left\"><strong>P\/F Tryggingarfelagi\u00f0 L\u00cdV<\/strong><br>Koparg\u00f8ta 1<br>Postboks 206<br>110 T\u00f3rshavn<br><br>Tlf. <a href=\"tel:+298311111\">31 11 11<\/a><br><a href=\"mailto:liv@liv.fo\">liv@liv.fo<\/a><\/p>\n\n\n\n<div style=\"height:2px\" aria-hidden=\"true\" class=\"wp-block-spacer\"><\/div>\n\n\n\n<p class=\"has-text-align-left\"><strong>Office hours:<\/strong><br>M\u00e1nadag-h\u00f3sdag: 10.00-16.00<br>Fr\u00edggjadag: 10.00-15.00<\/p>\n<\/div>\n<\/div>\n<\/div>\n\n\n\n<div class=\"wp-block-group alignwide has-global-padding is-content-justification-left is-layout-constrained wp-container-core-group-is-layout-399214f9 wp-block-group-is-layout-constrained\">\n<div id=\"cta_block_45d9703af50973af127fa9bf8b3c70b1\" class=\"lunnar-cta\">\n            <a href=\"https:\/\/innrita.samleiki.fo\/idp\/Authn\/External?conversation=e1s1\" class=\"cta-link\" target=\"_blank\">\n                            <p>Check your payments and contracts<\/p>\n            \n            <h5>Log in to M\u00edtt L\u00cdV<\/h5>\n            <svg width=\"16\" height=\"16\" viewBox=\"0 0 16 16\" fill=\"none\" xmlns=\"http:\/\/www.w3.org\/2000\/svg\">\n<path d=\"M15.9 8.4C16 8.2 16 7.9 15.9 7.6C15.8 7.5 15.8 7.4 15.7 7.3L8.7 0.3C8.3 -0.1 7.7 -0.1 7.3 0.3C6.9 0.7 6.9 1.3 7.3 1.7L12.6 7H1C0.4 7 0 7.4 0 8C0 8.6 0.4 9 1 9H12.6L7.3 14.3C6.9 14.7 6.9 15.3 7.3 15.7C7.5 15.9 7.8 16 8 16C8.2 16 8.5 15.9 8.7 15.7L15.7 8.7C15.8 8.6 15.9 8.5 15.9 8.4Z\" fill=\"currentColor\"\/>\n<\/svg>\n        <\/a>\n    <\/div><\/div>\n\n\n\n<div id=\"pdf-page-break_block_eaa20774a0be6ee1bd6f2c28288caf8a\" class=\"pdf-page-break  lunnar-pdf-page-break\">\n    <\/div>\n\n\n<div class=\"wp-block-columns alignfull is-layout-flex wp-container-core-columns-is-layout-28f84493 wp-block-columns-is-layout-flex\">\n<div class=\"wp-block-column is-layout-flow wp-block-column-is-layout-flow\" style=\"flex-basis:100%\">\n<div style=\"height:23px\" aria-hidden=\"true\" class=\"wp-block-spacer\"><\/div>\n\n\n\n<p class=\"is-style-default\"><\/p>\n\n\n\n<div class=\"wp-block-group alignfull has-global-padding is-layout-constrained wp-container-core-group-is-layout-ebee8dc1 wp-block-group-is-layout-constrained\" style=\"margin-top:0;margin-bottom:0;padding-top:var(--wp--preset--spacing--50);padding-bottom:var(--wp--preset--spacing--50)\">\n<div style=\"height:52px\" aria-hidden=\"true\" class=\"wp-block-spacer\"><\/div>\n\n\n\n<h2 class=\"wp-block-heading alignwide\">Insight<\/h2>\n\n\n\n<div class=\"wp-block-columns alignwide is-layout-flex wp-container-core-columns-is-layout-28f84493 wp-block-columns-is-layout-flex\">\n<div class=\"wp-block-column is-layout-flow wp-block-column-is-layout-flow\">\n<p><strong>Access<\/strong><\/p>\n\n\n\n<p><strong><mark style=\"background-color:rgba(0, 0, 0, 0)\" class=\"has-inline-color has-orange-color\">\/<\/mark>Customer Portal<\/strong><\/p>\n\n\n\n<p>On our customer portal &#8220;M\u00edtt L\u00cdV&#8221;, you get access to savings, personal insurances, and the technical settlement.<br><br>The customer portal is available at www.liv.fo.<br><br><strong>You can log in<\/strong> using the &#8220;Samleikin&#8221;. If you do not have Samleikin, you are welcome to contact us at L\u00cdV.<\/p>\n<\/div>\n\n\n\n<div class=\"wp-block-column is-layout-flow wp-block-column-is-layout-flow\">\n<p><strong>L\u00cdV pension<\/strong><\/p>\n\n\n\n<p>Now you can choose the risk level you want. But keep in mind that higher the<\/p>\n\n\n\n<p>risk level, the higher the expected return, but correspondingly the risk is also higher. The savings are invested in securities and yield intrest at market rates. L\u00cdV operates with a dynamic scheme meaning that investments are made considering how close you are to your tetirement age. L\u00cdV&#8217;s advice is that your investment risk should decrease as you approach retirement age.<br><br>We have solid experience and can advise you on all pension matters.<br><br>Read more about the risk levels at <a href=\"https:\/\/www.liv.fo\/en\/pension\/investment\/\">www.liv.fo\/investment<\/a><\/p>\n<\/div>\n\n\n\n<div class=\"wp-block-column is-layout-flow wp-block-column-is-layout-flow\">\n<figure class=\"wp-block-gallery has-nested-images columns-default is-cropped wp-block-gallery-1 is-layout-flex wp-block-gallery-is-layout-flex\">\n<figure class=\"wp-block-image size-full is-resized\"><img loading=\"lazy\" decoding=\"async\" width=\"1200\" height=\"902\" data-id=\"3089\" src=\"https:\/\/www.liv.fo\/wp-content\/uploads\/2025\/05\/Vadaprofil_front_2025-fo.jpg\" alt=\"\" class=\"wp-image-3089\" style=\"width:367px;height:auto\" srcset=\"https:\/\/www.liv.fo\/wp-content\/uploads\/2025\/05\/Vadaprofil_front_2025-fo.jpg 1200w, https:\/\/www.liv.fo\/wp-content\/uploads\/2025\/05\/Vadaprofil_front_2025-fo-800x601.jpg 800w, https:\/\/www.liv.fo\/wp-content\/uploads\/2025\/05\/Vadaprofil_front_2025-fo-768x577.jpg 768w\" sizes=\"auto, (max-width: 1200px) 100vw, 1200px\" \/><\/figure>\n<\/figure>\n<\/div>\n<\/div>\n<\/div>\n\n\n\n<div class=\"wp-block-group alignfull has-background has-global-padding is-content-justification-center is-layout-constrained wp-block-group-is-layout-constrained\" style=\"background-color:#f8faff;margin-top:0;margin-bottom:0;padding-top:var(--wp--preset--spacing--60);padding-bottom:var(--wp--preset--spacing--60)\">\n<h2 class=\"wp-block-heading has-text-align-left\">Advice<\/h2>\n\n\n\n<p class=\"has-text-align-left\">You are always welcome to contact us at L\u00cdV<br><\/p>\n\n\n\n<div style=\"height:20px\" aria-hidden=\"true\" class=\"wp-block-spacer\"><\/div>\n\n\n\n<p class=\"has-text-align-left\"><strong>P\/F Tryggingarfelagi\u00f0 L\u00cdV<\/strong><br>Koparg\u00f8ta 1<br>Postboks 206<br>110 T\u00f3rshavn<br><br>Tlf. <a href=\"tel:+298311111\">31 11 11<\/a><br><a href=\"mailto:liv@liv.fo\">liv@liv.fo<\/a><br><\/p>\n\n\n\n<p class=\"has-text-align-left\"><strong>Office hours:<\/strong><br>Monday-Thursday: 10.00-16.00<br>Friday: 10.00-15.00<\/p>\n\n\n\n<div style=\"height:14px\" aria-hidden=\"true\" class=\"wp-block-spacer\"><\/div>\n<\/div>\n\n\n\n<p class=\"is-style-default\"><\/p>\n<\/div>\n<\/div>\n","protected":false},"excerpt":{"rendered":"<p>WELCOME L\u00cdV has agreements with most trade unions. The trade unionoffer its members insurance andpension in cooperation with Tryggingarfelagi\u00f0 L\u00cdV. The agreement is valid for members, but membership can also be conditional on full work capability. Insurance ceases the month after you reach the pension age. If you are no longer a member or when [&hellip;]<\/p>\n","protected":false},"author":4,"featured_media":0,"parent":840,"menu_order":0,"comment_status":"closed","ping_status":"closed","template":"page-no-title","meta":{"_acf_changed":false,"footnotes":""},"class_list":["post-1548","page","type-page","status-publish","hentry"],"acf":[],"yoast_head":"<!-- This site is optimized with the Yoast SEO plugin v27.3 - https:\/\/yoast.com\/product\/yoast-seo-wordpress\/ -->\n<title>L\u00cdV &amp; Unions - Tryggingarfelagi\u00f0 L\u00cdV<\/title>\n<meta name=\"robots\" content=\"index, follow, max-snippet:-1, max-image-preview:large, max-video-preview:-1\" \/>\n<link rel=\"canonical\" href=\"https:\/\/www.liv.fo\/en\/unions\/liv-unions\/\" \/>\n<meta property=\"og:locale\" content=\"en_US\" \/>\n<meta property=\"og:type\" content=\"article\" \/>\n<meta property=\"og:title\" content=\"L\u00cdV &amp; Unions - Tryggingarfelagi\u00f0 L\u00cdV\" \/>\n<meta property=\"og:description\" content=\"WELCOME L\u00cdV has agreements with most trade unions. The trade unionoffer its members insurance andpension in cooperation with Tryggingarfelagi\u00f0 L\u00cdV. The agreement is valid for members, but membership can also be conditional on full work capability. Insurance ceases the month after you reach the pension age. If you are no longer a member or when [&hellip;]\" \/>\n<meta property=\"og:url\" content=\"https:\/\/www.liv.fo\/en\/unions\/liv-unions\/\" \/>\n<meta property=\"og:site_name\" content=\"Tryggingarfelagi\u00f0 L\u00cdV\" \/>\n<meta property=\"article:modified_time\" content=\"2025-07-04T13:12:41+00:00\" \/>\n<meta property=\"og:image\" content=\"https:\/\/www.liv.fo\/wp-content\/uploads\/2025\/05\/Vadaprofil_front_2025-fo.jpg\" \/>\n\t<meta property=\"og:image:width\" content=\"1200\" \/>\n\t<meta property=\"og:image:height\" content=\"902\" \/>\n\t<meta property=\"og:image:type\" content=\"image\/jpeg\" \/>\n<meta name=\"twitter:card\" content=\"summary_large_image\" \/>\n<meta name=\"twitter:label1\" content=\"Est. reading time\" \/>\n\t<meta name=\"twitter:data1\" content=\"3 minutes\" \/>\n<script type=\"application\/ld+json\" class=\"yoast-schema-graph\">{\"@context\":\"https:\\\/\\\/schema.org\",\"@graph\":[{\"@type\":\"WebPage\",\"@id\":\"https:\\\/\\\/www.liv.fo\\\/en\\\/unions\\\/liv-unions\\\/\",\"url\":\"https:\\\/\\\/www.liv.fo\\\/en\\\/unions\\\/liv-unions\\\/\",\"name\":\"L\u00cdV &amp; Unions - Tryggingarfelagi\u00f0 L\u00cdV\",\"isPartOf\":{\"@id\":\"https:\\\/\\\/www.liv.fo\\\/en\\\/#website\"},\"primaryImageOfPage\":{\"@id\":\"https:\\\/\\\/www.liv.fo\\\/en\\\/unions\\\/liv-unions\\\/#primaryimage\"},\"image\":{\"@id\":\"https:\\\/\\\/www.liv.fo\\\/en\\\/unions\\\/liv-unions\\\/#primaryimage\"},\"thumbnailUrl\":\"https:\\\/\\\/www.liv.fo\\\/wp-content\\\/uploads\\\/2025\\\/05\\\/Vadaprofil_front_2025-fo.jpg\",\"datePublished\":\"2025-02-24T20:14:55+00:00\",\"dateModified\":\"2025-07-04T13:12:41+00:00\",\"breadcrumb\":{\"@id\":\"https:\\\/\\\/www.liv.fo\\\/en\\\/unions\\\/liv-unions\\\/#breadcrumb\"},\"inLanguage\":\"en-US\",\"potentialAction\":[{\"@type\":\"ReadAction\",\"target\":[\"https:\\\/\\\/www.liv.fo\\\/en\\\/unions\\\/liv-unions\\\/\"]}]},{\"@type\":\"ImageObject\",\"inLanguage\":\"en-US\",\"@id\":\"https:\\\/\\\/www.liv.fo\\\/en\\\/unions\\\/liv-unions\\\/#primaryimage\",\"url\":\"https:\\\/\\\/www.liv.fo\\\/wp-content\\\/uploads\\\/2025\\\/05\\\/Vadaprofil_front_2025-fo.jpg\",\"contentUrl\":\"https:\\\/\\\/www.liv.fo\\\/wp-content\\\/uploads\\\/2025\\\/05\\\/Vadaprofil_front_2025-fo.jpg\"},{\"@type\":\"BreadcrumbList\",\"@id\":\"https:\\\/\\\/www.liv.fo\\\/en\\\/unions\\\/liv-unions\\\/#breadcrumb\",\"itemListElement\":[{\"@type\":\"ListItem\",\"position\":1,\"name\":\"Home\",\"item\":\"https:\\\/\\\/www.liv.fo\\\/en\\\/\"},{\"@type\":\"ListItem\",\"position\":2,\"name\":\"Unions\",\"item\":\"https:\\\/\\\/www.liv.fo\\\/en\\\/unions\\\/\"},{\"@type\":\"ListItem\",\"position\":3,\"name\":\"L\u00cdV &amp; Unions\"}]},{\"@type\":\"WebSite\",\"@id\":\"https:\\\/\\\/www.liv.fo\\\/en\\\/#website\",\"url\":\"https:\\\/\\\/www.liv.fo\\\/en\\\/\",\"name\":\"Tryggingarfelagi\u00f0 L\u00cdV\",\"description\":\"\",\"publisher\":{\"@id\":\"https:\\\/\\\/www.liv.fo\\\/en\\\/#organization\"},\"potentialAction\":[{\"@type\":\"SearchAction\",\"target\":{\"@type\":\"EntryPoint\",\"urlTemplate\":\"https:\\\/\\\/www.liv.fo\\\/en\\\/?s={search_term_string}\"},\"query-input\":{\"@type\":\"PropertyValueSpecification\",\"valueRequired\":true,\"valueName\":\"search_term_string\"}}],\"inLanguage\":\"en-US\"},{\"@type\":\"Organization\",\"@id\":\"https:\\\/\\\/www.liv.fo\\\/en\\\/#organization\",\"name\":\"Tryggingarfelagi\u00f0 L\u00cdV\",\"url\":\"https:\\\/\\\/www.liv.fo\\\/en\\\/\",\"logo\":{\"@type\":\"ImageObject\",\"inLanguage\":\"en-US\",\"@id\":\"https:\\\/\\\/www.liv.fo\\\/en\\\/#\\\/schema\\\/logo\\\/image\\\/\",\"url\":\"https:\\\/\\\/www.liv.fo\\\/wp-content\\\/uploads\\\/2024\\\/11\\\/liv-logo.png\",\"contentUrl\":\"https:\\\/\\\/www.liv.fo\\\/wp-content\\\/uploads\\\/2024\\\/11\\\/liv-logo.png\",\"width\":82,\"height\":88,\"caption\":\"Tryggingarfelagi\u00f0 L\u00cdV\"},\"image\":{\"@id\":\"https:\\\/\\\/www.liv.fo\\\/en\\\/#\\\/schema\\\/logo\\\/image\\\/\"}}]}<\/script>\n<!-- \/ Yoast SEO plugin. -->","yoast_head_json":{"title":"L\u00cdV &amp; Unions - Tryggingarfelagi\u00f0 L\u00cdV","robots":{"index":"index","follow":"follow","max-snippet":"max-snippet:-1","max-image-preview":"max-image-preview:large","max-video-preview":"max-video-preview:-1"},"canonical":"https:\/\/www.liv.fo\/en\/unions\/liv-unions\/","og_locale":"en_US","og_type":"article","og_title":"L\u00cdV &amp; Unions - Tryggingarfelagi\u00f0 L\u00cdV","og_description":"WELCOME L\u00cdV has agreements with most trade unions. The trade unionoffer its members insurance andpension in cooperation with Tryggingarfelagi\u00f0 L\u00cdV. The agreement is valid for members, but membership can also be conditional on full work capability. Insurance ceases the month after you reach the pension age. If you are no longer a member or when [&hellip;]","og_url":"https:\/\/www.liv.fo\/en\/unions\/liv-unions\/","og_site_name":"Tryggingarfelagi\u00f0 L\u00cdV","article_modified_time":"2025-07-04T13:12:41+00:00","og_image":[{"width":1200,"height":902,"url":"https:\/\/www.liv.fo\/wp-content\/uploads\/2025\/05\/Vadaprofil_front_2025-fo.jpg","type":"image\/jpeg"}],"twitter_card":"summary_large_image","twitter_misc":{"Est. reading time":"3 minutes"},"schema":{"@context":"https:\/\/schema.org","@graph":[{"@type":"WebPage","@id":"https:\/\/www.liv.fo\/en\/unions\/liv-unions\/","url":"https:\/\/www.liv.fo\/en\/unions\/liv-unions\/","name":"L\u00cdV &amp; Unions - Tryggingarfelagi\u00f0 L\u00cdV","isPartOf":{"@id":"https:\/\/www.liv.fo\/en\/#website"},"primaryImageOfPage":{"@id":"https:\/\/www.liv.fo\/en\/unions\/liv-unions\/#primaryimage"},"image":{"@id":"https:\/\/www.liv.fo\/en\/unions\/liv-unions\/#primaryimage"},"thumbnailUrl":"https:\/\/www.liv.fo\/wp-content\/uploads\/2025\/05\/Vadaprofil_front_2025-fo.jpg","datePublished":"2025-02-24T20:14:55+00:00","dateModified":"2025-07-04T13:12:41+00:00","breadcrumb":{"@id":"https:\/\/www.liv.fo\/en\/unions\/liv-unions\/#breadcrumb"},"inLanguage":"en-US","potentialAction":[{"@type":"ReadAction","target":["https:\/\/www.liv.fo\/en\/unions\/liv-unions\/"]}]},{"@type":"ImageObject","inLanguage":"en-US","@id":"https:\/\/www.liv.fo\/en\/unions\/liv-unions\/#primaryimage","url":"https:\/\/www.liv.fo\/wp-content\/uploads\/2025\/05\/Vadaprofil_front_2025-fo.jpg","contentUrl":"https:\/\/www.liv.fo\/wp-content\/uploads\/2025\/05\/Vadaprofil_front_2025-fo.jpg"},{"@type":"BreadcrumbList","@id":"https:\/\/www.liv.fo\/en\/unions\/liv-unions\/#breadcrumb","itemListElement":[{"@type":"ListItem","position":1,"name":"Home","item":"https:\/\/www.liv.fo\/en\/"},{"@type":"ListItem","position":2,"name":"Unions","item":"https:\/\/www.liv.fo\/en\/unions\/"},{"@type":"ListItem","position":3,"name":"L\u00cdV &amp; Unions"}]},{"@type":"WebSite","@id":"https:\/\/www.liv.fo\/en\/#website","url":"https:\/\/www.liv.fo\/en\/","name":"Tryggingarfelagi\u00f0 L\u00cdV","description":"","publisher":{"@id":"https:\/\/www.liv.fo\/en\/#organization"},"potentialAction":[{"@type":"SearchAction","target":{"@type":"EntryPoint","urlTemplate":"https:\/\/www.liv.fo\/en\/?s={search_term_string}"},"query-input":{"@type":"PropertyValueSpecification","valueRequired":true,"valueName":"search_term_string"}}],"inLanguage":"en-US"},{"@type":"Organization","@id":"https:\/\/www.liv.fo\/en\/#organization","name":"Tryggingarfelagi\u00f0 L\u00cdV","url":"https:\/\/www.liv.fo\/en\/","logo":{"@type":"ImageObject","inLanguage":"en-US","@id":"https:\/\/www.liv.fo\/en\/#\/schema\/logo\/image\/","url":"https:\/\/www.liv.fo\/wp-content\/uploads\/2024\/11\/liv-logo.png","contentUrl":"https:\/\/www.liv.fo\/wp-content\/uploads\/2024\/11\/liv-logo.png","width":82,"height":88,"caption":"Tryggingarfelagi\u00f0 L\u00cdV"},"image":{"@id":"https:\/\/www.liv.fo\/en\/#\/schema\/logo\/image\/"}}]}},"_links":{"self":[{"href":"https:\/\/www.liv.fo\/en\/wp-json\/wp\/v2\/pages\/1548","targetHints":{"allow":["GET"]}}],"collection":[{"href":"https:\/\/www.liv.fo\/en\/wp-json\/wp\/v2\/pages"}],"about":[{"href":"https:\/\/www.liv.fo\/en\/wp-json\/wp\/v2\/types\/page"}],"author":[{"embeddable":true,"href":"https:\/\/www.liv.fo\/en\/wp-json\/wp\/v2\/users\/4"}],"replies":[{"embeddable":true,"href":"https:\/\/www.liv.fo\/en\/wp-json\/wp\/v2\/comments?post=1548"}],"version-history":[{"count":13,"href":"https:\/\/www.liv.fo\/en\/wp-json\/wp\/v2\/pages\/1548\/revisions"}],"predecessor-version":[{"id":3346,"href":"https:\/\/www.liv.fo\/en\/wp-json\/wp\/v2\/pages\/1548\/revisions\/3346"}],"up":[{"embeddable":true,"href":"https:\/\/www.liv.fo\/en\/wp-json\/wp\/v2\/pages\/840"}],"wp:attachment":[{"href":"https:\/\/www.liv.fo\/en\/wp-json\/wp\/v2\/media?parent=1548"}],"curies":[{"name":"wp","href":"https:\/\/api.w.org\/{rel}","templated":true}]}}