{"id":1305,"date":"2025-01-28T11:54:12","date_gmt":"2025-01-28T11:54:12","guid":{"rendered":"https:\/\/www.liv.fo\/?page_id=1305"},"modified":"2026-04-10T13:46:34","modified_gmt":"2026-04-10T13:46:34","slug":"annual-reports","status":"publish","type":"page","link":"https:\/\/www.liv.fo\/en\/annual-reports\/","title":{"rendered":"Annual Reports"},"content":{"rendered":"\n<h5 class=\"wp-block-heading\"><strong>Download the latest annual reports and half-yearly reports below as PDFs<\/strong>.<\/h5>\n\n\n\n<p>Unfortunately, they are only in Faroese<\/p>\n\n\n\n<details class=\"wp-block-details is-layout-flow wp-block-details-is-layout-flow\"><summary>2025<\/summary>\n<h5 class=\"wp-block-heading\">Dagfest<\/h5>\n\n\n\n<div class=\"wp-block-columns is-layout-flex wp-container-core-columns-is-layout-28f84493 wp-block-columns-is-layout-flex\">\n<div class=\"wp-block-column is-layout-flow wp-block-column-is-layout-flow\">\n<h5 class=\"wp-block-heading\">31.10.2025<\/h5>\n\n\n\n<h5 class=\"wp-block-heading\">31.10.2025<\/h5>\n\n\n\n<h5 class=\"wp-block-heading\">10.04.2026<\/h5>\n<\/div>\n\n\n\n<div class=\"wp-block-column is-layout-flow wp-block-column-is-layout-flow\">\n<h5 class=\"wp-block-heading\"><a href=\"https:\/\/www.liv.fo\/wp-content\/uploads\/2025\/10\/LIV2-Halvarsroknskapur-2025.pdf\">L\u00cdV2 H\u00e1lv\u00e1rsfr\u00e1s\u00f8gn 2025<\/a><\/h5>\n\n\n\n<h5 class=\"wp-block-heading has-text-align-left\"><a href=\"https:\/\/www.liv.fo\/wp-content\/uploads\/2025\/10\/LIV3-Halvarsroknskapur-2025.pdf\">L\u00cdV3 H\u00e1lv\u00e1rsfr\u00e1s\u00f8gn 2025<\/a><\/h5>\n\n\n\n<h5 class=\"wp-block-heading\"><a href=\"https:\/\/www.liv.fo\/wp-content\/uploads\/2026\/04\/Arsfrasogn-2025-Ognarfelagid-LIV.pdf\">\u00c1rsfr\u00e1s\u00f8gn Ognarfelagi\u00f0 L\u00cdV 2025<\/a><\/h5>\n<\/div>\n<\/div>\n<\/details>\n\n\n\n<details class=\"wp-block-details is-layout-flow wp-block-details-is-layout-flow\"><summary>2024<\/summary>\n<h5 class=\"wp-block-heading\">Date<\/h5>\n\n\n\n<div class=\"wp-block-columns is-layout-flex wp-container-core-columns-is-layout-28f84493 wp-block-columns-is-layout-flex\">\n<div class=\"wp-block-column is-layout-flow wp-block-column-is-layout-flow\">\n<h5 class=\"wp-block-heading\">8.10.2024<\/h5>\n\n\n\n<h5 class=\"wp-block-heading\">8.10.2024<\/h5>\n\n\n\n<h5 class=\"wp-block-heading\">30.04.2025<\/h5>\n\n\n\n<h5 class=\"wp-block-heading\">05.05.2025<\/h5>\n\n\n\n<h5 class=\"wp-block-heading\">05.05.2025<\/h5>\n<\/div>\n\n\n\n<div class=\"wp-block-column is-layout-flow wp-block-column-is-layout-flow\">\n<h5 class=\"wp-block-heading\"><a href=\"https:\/\/www.liv.fo\/wp-content\/uploads\/2025\/01\/liv2-halvarsfrasogn-2024pdf_7309895a211851ab063891974c7504d6e32305bf.pdf\">L\u00cdV2 H\u00e1lv\u00e1rsfr\u00e1s\u00f8gn 2024<\/a><\/h5>\n\n\n\n<h5 class=\"wp-block-heading\"><a href=\"https:\/\/www.liv.fo\/wp-content\/uploads\/2025\/01\/liv3-halvarsfrasogn-2024pdf_c6a23bba155ccfdce0bb3668b538168efe118db9.pdf\">L\u00cdV3 H\u00e1lv\u00e1rsfr\u00e1s\u00f8gn 2024<\/a><\/h5>\n\n\n\n<h5 class=\"wp-block-heading\"><a href=\"https:\/\/www.liv.fo\/wp-content\/uploads\/2025\/04\/2025-Ognarfelagid-LIV-\u00b4Arsfrasogn-fyri-2024.pdf\">\u00c1RSFR\u00c1S\u00d8GN OGNARFELAGI\u00d0 L\u00cdV 2024<\/a><\/h5>\n\n\n\n<h5 class=\"wp-block-heading\"><a href=\"https:\/\/www.liv.fo\/wp-content\/uploads\/2025\/05\/LIV2-Arsfrasogn-fyri-2024.pdf\">\u00c1rsfr\u00e1s\u00f8gn fyri 2024 L\u00cdV 2<\/a><\/h5>\n\n\n\n<h5 class=\"wp-block-heading\"><a href=\"https:\/\/www.liv.fo\/wp-content\/uploads\/2025\/05\/LIV3-Arsfrasogn-fyri-2024.pdf\">\u00c1rsfr\u00e1s\u00f8gn fyri 2024 L\u00cdV 3<\/a><\/h5>\n<\/div>\n<\/div>\n<\/details>\n\n\n\n<details class=\"wp-block-details is-layout-flow wp-block-details-is-layout-flow\"><summary>2023<\/summary>\n<h5 class=\"wp-block-heading\">Date<\/h5>\n\n\n\n<div class=\"wp-block-columns is-layout-flex wp-container-core-columns-is-layout-28f84493 wp-block-columns-is-layout-flex\">\n<div class=\"wp-block-column is-layout-flow wp-block-column-is-layout-flow\">\n<h5 class=\"wp-block-heading\">5.10.2023<\/h5>\n\n\n\n<h5 class=\"wp-block-heading\"><br>5.10.2023<\/h5>\n\n\n\n<h5 class=\"wp-block-heading\">30.04.2024<\/h5>\n\n\n\n<h5 class=\"wp-block-heading\">30.04.2024<br><\/h5>\n\n\n\n<h5 class=\"wp-block-heading\">3.09.2024<\/h5>\n<\/div>\n\n\n\n<div class=\"wp-block-column is-layout-flow wp-block-column-is-layout-flow\">\n<h5 class=\"wp-block-heading\"><a href=\"https:\/\/www.liv.fo\/wp-content\/uploads\/2025\/01\/halvarsroknskapur-pf-tryggingarfelagid-livpdf_a2f5a9aaa6504c20c68f2549ff7f0ae3ef4de364.pdf\">H\u00e1lv\u00e1rsfr\u00e1s\u00f8gn P\/F Tryggingarfelagi\u00f0 L\u00cdV<\/a><\/h5>\n\n\n\n<h5 class=\"wp-block-heading\"><a href=\"https:\/\/www.liv.fo\/wp-content\/uploads\/2025\/01\/halvarsroknskapur-pf-liv-livs-og-pensjonstryggingarfelagpdf_5cb85e29147af99eba21ffe47a09e131734f6eeb.pdf\">H\u00e1lv\u00e1rsfr\u00e1s\u00f8gn P\/F l\u00edvs-og pensj\u00f3nstryggingarfelag<\/a><\/h5>\n\n\n\n<h5 class=\"wp-block-heading\"><a href=\"https:\/\/www.liv.fo\/wp-content\/uploads\/2025\/01\/pf-tryggingarfelagid-livpdf_1d5982d6c37291a46b26854c6e765623a4f1d524.pdf\">P\/F Tryggingarfelagi\u00f0 L\u00cdV (2023)<\/a><\/h5>\n\n\n\n<h5 class=\"wp-block-heading\"><a href=\"https:\/\/www.liv.fo\/wp-content\/uploads\/2025\/01\/pf-liv-livs-og-pensjonstryggingarfelagpdf_8bd9809833ff059918115a2cc01a37c7ae3e615d.pdf\">P\/F L\u00cdV l\u00edvs-og pensj\u00f3nstryggingarfelag (2023)<\/a><\/h5>\n\n\n\n<h5 class=\"wp-block-heading\"><a href=\"https:\/\/www.liv.fo\/wp-content\/uploads\/2025\/01\/kostnadarroknskapur-liv-2023-v3-endaligtpdf_1fe1993f26721ec277ca21d941430028e3ebd0ef.pdf\">Kostna\u00f0arroknskapur \u00c1KK og \u00c1KP fyri 2023 &#8211; P\/F Tryggingarfelagi\u00f0 L\u00cdV<\/a><\/h5>\n<\/div>\n<\/div>\n<\/details>\n\n\n\n<details class=\"wp-block-details is-layout-flow wp-block-details-is-layout-flow\"><summary>2022<\/summary>\n<h5 class=\"wp-block-heading\">Date<\/h5>\n\n\n\n<div class=\"wp-block-columns is-layout-flex wp-container-core-columns-is-layout-28f84493 wp-block-columns-is-layout-flex\">\n<div class=\"wp-block-column is-layout-flow wp-block-column-is-layout-flow\">\n<h5 class=\"wp-block-heading\">14.10.2022<\/h5>\n\n\n\n<h5 class=\"wp-block-heading\">14.10.2022<\/h5>\n\n\n\n<div style=\"height:59px\" aria-hidden=\"true\" class=\"wp-block-spacer\"><\/div>\n\n\n\n<h5 class=\"wp-block-heading\">24.04.2023<\/h5>\n\n\n\n<h5 class=\"wp-block-heading\">24.04.2023<\/h5>\n<\/div>\n\n\n\n<div class=\"wp-block-column is-layout-flow wp-block-column-is-layout-flow\">\n<h5 class=\"wp-block-heading\"><a href=\"https:\/\/www.liv.fo\/wp-content\/uploads\/2025\/01\/halvarsfrasogn-2022-tryggingarfelagid-livpdf_ba43618b4639c758cd38187488046e711adecd71.pdf\">H\u00e1lv\u00e1rsfr\u00e1s\u00f8gn &#8211; P\/F Tryggingarfelagi\u00f0 L\u00cdV<\/a><\/h5>\n\n\n\n<h5 class=\"wp-block-heading\"><a href=\"https:\/\/www.liv.fo\/wp-content\/uploads\/2025\/01\/halvarsfrasogn-2022-liv-livs-og-pensjonstryggingarfelagpdf_e3567fc1784d6d2b4f5cf7064ea775d9da1125bc.pdf\">H\u00e1lv\u00e1rsfr\u00e1s\u00f8gn &#8211; P\/F L\u00cdV l\u00edvs-og pensj\u00f3nstryggingarfelag<\/a><\/h5>\n\n\n\n<div style=\"height:29px\" aria-hidden=\"true\" class=\"wp-block-spacer\"><\/div>\n\n\n\n<h5 class=\"wp-block-heading\"><a href=\"https:\/\/www.liv.fo\/wp-content\/uploads\/2025\/01\/pf-liv-livs-og-pensjonstryggingarfelagpdf_cf599bc8cf07e47a2705ff59e2c1d3d38ae3076f.pdf\">P\/F L\u00cdV l\u00edvs-og pensj\u00f3nstryggingarfelag (2022)<\/a><\/h5>\n\n\n\n<h5 class=\"wp-block-heading\"><a href=\"https:\/\/www.liv.fo\/wp-content\/uploads\/2025\/01\/pf-tryggingarfelagid-livpdf_bcba71a89260a72a0ae6db0da5ebd0e7820c41f9.pdf\">P\/F Tryggingarfelagi\u00f0 L\u00cdV (2022)<\/a><\/h5>\n<\/div>\n<\/div>\n<\/details>\n\n\n\n<details class=\"wp-block-details is-layout-flow wp-block-details-is-layout-flow\"><summary>2021<\/summary>\n<h5 class=\"wp-block-heading\">Date<\/h5>\n\n\n\n<div class=\"wp-block-columns is-layout-flex wp-container-core-columns-is-layout-28f84493 wp-block-columns-is-layout-flex\">\n<div class=\"wp-block-column is-layout-flow wp-block-column-is-layout-flow\">\n<h5 class=\"wp-block-heading\">30.04.2022<\/h5>\n\n\n\n<h5 class=\"wp-block-heading\">30.04.2022<\/h5>\n<\/div>\n\n\n\n<div class=\"wp-block-column is-layout-flow wp-block-column-is-layout-flow\">\n<h5 class=\"wp-block-heading\"><a href=\"https:\/\/www.liv.fo\/wp-content\/uploads\/2025\/01\/liv-2-arsroknskapur-2021pdf_a0de8f7ff60b6666e5ed8526ad0a0ac619523a25.pdf\">P\/F Tryggingarfelagi\u00f0 L\u00cdV<\/a><\/h5>\n\n\n\n<h5 class=\"wp-block-heading\"><a href=\"https:\/\/www.liv.fo\/wp-content\/uploads\/2025\/01\/liv-3-arsroknskapur-2021pdf_a2a29511791ad0f3641e6a09b6bb262cc583156e.pdf\">P\/F L\u00cdV l\u00edvs-og pensj\u00f3ntryggingarfelag<\/a><\/h5>\n<\/div>\n<\/div>\n<\/details>\n\n\n\n<details class=\"wp-block-details is-layout-flow wp-block-details-is-layout-flow\"><summary>2020<\/summary>\n<h5 class=\"wp-block-heading\">Date<\/h5>\n\n\n\n<div class=\"wp-block-columns is-layout-flex wp-container-core-columns-is-layout-28f84493 wp-block-columns-is-layout-flex\">\n<div class=\"wp-block-column is-layout-flow wp-block-column-is-layout-flow\">\n<h5 class=\"wp-block-heading\">28.04.2021<\/h5>\n\n\n\n<h5 class=\"wp-block-heading\">28.04.2021<\/h5>\n<\/div>\n\n\n\n<div class=\"wp-block-column is-layout-flow wp-block-column-is-layout-flow\">\n<h5 class=\"wp-block-heading\"><a href=\"https:\/\/www.liv.fo\/wp-content\/uploads\/2025\/01\/liv3-arsroknskapur-heimasidapdf_aa62628aa588aca8e1b6d88c07b76a0be4ef81a8.pdf\">P\/F L\u00cdV l\u00edvs- og pensj\u00f3nstryggingarfelag<\/a><\/h5>\n\n\n\n<h5 class=\"wp-block-heading\"><a href=\"https:\/\/www.liv.fo\/wp-content\/uploads\/2025\/01\/liv2-arsroknskapur-heimasidapdf_66735fa75b5cae90ae3b84625837120a27d8d0fa.pdf\">P\/F Tryggingarfelagi\u00f0 L\u00cdV<\/a><\/h5>\n<\/div>\n<\/div>\n<\/details>\n\n\n\n<details class=\"wp-block-details is-layout-flow wp-block-details-is-layout-flow\"><summary>2019<\/summary>\n<h5 class=\"wp-block-heading\">Date<\/h5>\n\n\n\n<div class=\"wp-block-columns is-layout-flex wp-container-core-columns-is-layout-28f84493 wp-block-columns-is-layout-flex\">\n<div class=\"wp-block-column is-layout-flow wp-block-column-is-layout-flow\">\n<h5 class=\"wp-block-heading\">31.12.2019<\/h5>\n\n\n\n<h5 class=\"wp-block-heading\">31.12.2019<\/h5>\n\n\n\n<h5 class=\"wp-block-heading\">31.12.2019<\/h5>\n<\/div>\n\n\n\n<div class=\"wp-block-column is-layout-flow wp-block-column-is-layout-flow\">\n<h5 class=\"wp-block-heading\"><a href=\"https:\/\/www.liv.fo\/wp-content\/uploads\/2025\/01\/liv-ii-roknskapur-2019pdf_85a41a9016a8935a3ce7bca9ca6b490c63dd4ac8.pdf\">P\/F Tryggingarfelagi\u00f0 L\u00cdV (L\u00cdV 2) 2019<\/a><\/h5>\n\n\n\n<h5 class=\"wp-block-heading\"><a href=\"https:\/\/www.liv.fo\/wp-content\/uploads\/2025\/01\/liv-iii-roknskapur-2019pdf_a435c8729538ea4747cae78d056d3f4502cc241a.pdf\">P\/F L\u00cdV l\u00edvs-og pensj\u00f3nstryggingarfelag (L\u00cdV3) 2019<\/a><\/h5>\n\n\n\n<h5 class=\"wp-block-heading\"><a href=\"https:\/\/www.liv.fo\/wp-content\/uploads\/2025\/01\/liv-i-roknskapur-2019pdf_921976d7a454b995f07d8bb588cd7686d30fa400.pdf\">L\u00cdV Holding (L\u00cdV 1) 2019<\/a><\/h5>\n<\/div>\n<\/div>\n<\/details>\n\n\n\n<details class=\"wp-block-details is-layout-flow wp-block-details-is-layout-flow\"><summary>2018<\/summary>\n<h5 class=\"wp-block-heading\">Date<\/h5>\n\n\n\n<div class=\"wp-block-columns is-layout-flex wp-container-core-columns-is-layout-28f84493 wp-block-columns-is-layout-flex\">\n<div class=\"wp-block-column is-layout-flow wp-block-column-is-layout-flow\">\n<h5 class=\"wp-block-heading\">31.12.2018<\/h5>\n\n\n\n<h5 class=\"wp-block-heading\">31.12.2018<\/h5>\n\n\n\n<h5 class=\"wp-block-heading\">31.12.2018<\/h5>\n<\/div>\n\n\n\n<div class=\"wp-block-column is-layout-flow wp-block-column-is-layout-flow\">\n<h5 class=\"wp-block-heading\"><a href=\"https:\/\/www.liv.fo\/wp-content\/uploads\/2025\/01\/liv-ii-roknskapur-2018pdf_ef525eff154431e55ac79a9ad651f30599aa4af7.pdf\">P\/F Tryggingarfelagi\u00f0 L\u00cdV (L\u00cdV2) 2018<\/a><\/h5>\n\n\n\n<h5 class=\"wp-block-heading\"><a href=\"https:\/\/www.liv.fo\/wp-content\/uploads\/2025\/01\/liv-i-roknskapur-2018pdf_86cdce874ae396b8df37755ddb2d3792f0c17353.pdf\">L\u00cdV Holding ( L\u00cdV 1) 2018<\/a><\/h5>\n\n\n\n<h5 class=\"wp-block-heading\"><a href=\"https:\/\/www.liv.fo\/wp-content\/uploads\/2025\/01\/liv-iii-roknskapur-2018pdf_8f31462952d4bad021be7ba92b6b26a2c61af9f0.pdf\">P\/F L\u00cdV l\u00edvs-og pensj\u00f3nstryggingarfelag (L\u00cdV3) 2018<\/a><\/h5>\n<\/div>\n<\/div>\n<\/details>\n\n\n\n<details class=\"wp-block-details is-layout-flow wp-block-details-is-layout-flow\"><summary>2017<\/summary>\n<h5 class=\"wp-block-heading\">Date<\/h5>\n\n\n\n<div class=\"wp-block-columns is-layout-flex wp-container-core-columns-is-layout-28f84493 wp-block-columns-is-layout-flex\">\n<div class=\"wp-block-column is-layout-flow wp-block-column-is-layout-flow\">\n<h5 class=\"wp-block-heading\">31.12.2017<\/h5>\n\n\n\n<h5 class=\"wp-block-heading\">31.12.2017<\/h5>\n\n\n\n<h5 class=\"wp-block-heading\">31.12.2017<\/h5>\n<\/div>\n\n\n\n<div class=\"wp-block-column is-layout-flow wp-block-column-is-layout-flow\">\n<h5 class=\"wp-block-heading\"><a href=\"https:\/\/www.liv.fo\/wp-content\/uploads\/2025\/01\/liv-i-roknskapur-2017pdf_cdecfa44fdd0a2d84bb084df5d461c53f485eebf.pdf\">L\u00cdV Holding(L\u00cdV 1) 2017<\/a><\/h5>\n\n\n\n<h5 class=\"wp-block-heading\"><a href=\"https:\/\/www.liv.fo\/wp-content\/uploads\/2025\/01\/liv-ii-roknskapur-2017pdf_638a582542ac0c2af7656e027c189378b8b86a2a.pdf\">P\/F Tryggingarfelagi\u00f0 L\u00cdV (L\u00cdV2) 2017<\/a><\/h5>\n\n\n\n<h5 class=\"wp-block-heading\"><a href=\"https:\/\/www.liv.fo\/wp-content\/uploads\/2025\/01\/liv-iii-roknskapur-2017pdf_ec7d5ad42cb3c706e5cfada9a8af05f4d58587e9.pdf\">P\/F L\u00cdV l\u00edvs-og pensj\u00f3nstryggingarfelag (L\u00cdV3) 2017<\/a><\/h5>\n<\/div>\n<\/div>\n<\/details>\n","protected":false},"excerpt":{"rendered":"<p>Download the latest annual reports and half-yearly reports below as PDFs. Unfortunately, they are only in Faroese<\/p>\n","protected":false},"author":4,"featured_media":0,"parent":0,"menu_order":0,"comment_status":"closed","ping_status":"closed","template":"","meta":{"_acf_changed":false,"footnotes":""},"class_list":["post-1305","page","type-page","status-publish","hentry"],"acf":[],"yoast_head":"<!-- This site is optimized with the Yoast SEO plugin v27.3 - https:\/\/yoast.com\/product\/yoast-seo-wordpress\/ -->\n<title>Annual Reports - Tryggingarfelagi\u00f0 L\u00cdV<\/title>\n<meta name=\"robots\" content=\"index, follow, max-snippet:-1, max-image-preview:large, max-video-preview:-1\" \/>\n<link rel=\"canonical\" href=\"https:\/\/www.liv.fo\/en\/annual-reports\/\" \/>\n<meta property=\"og:locale\" content=\"en_US\" \/>\n<meta property=\"og:type\" content=\"article\" \/>\n<meta property=\"og:title\" content=\"Annual Reports - Tryggingarfelagi\u00f0 L\u00cdV\" \/>\n<meta property=\"og:description\" content=\"Download the latest annual reports and half-yearly reports below as PDFs. Unfortunately, they are only in Faroese\" \/>\n<meta property=\"og:url\" content=\"https:\/\/www.liv.fo\/en\/annual-reports\/\" \/>\n<meta property=\"og:site_name\" content=\"Tryggingarfelagi\u00f0 L\u00cdV\" \/>\n<meta property=\"article:modified_time\" content=\"2026-04-10T13:46:34+00:00\" \/>\n<meta name=\"twitter:card\" content=\"summary_large_image\" \/>\n<meta name=\"twitter:label1\" content=\"Est. reading time\" \/>\n\t<meta name=\"twitter:data1\" content=\"2 minutes\" \/>\n<script type=\"application\/ld+json\" class=\"yoast-schema-graph\">{\"@context\":\"https:\\\/\\\/schema.org\",\"@graph\":[{\"@type\":\"WebPage\",\"@id\":\"https:\\\/\\\/www.liv.fo\\\/en\\\/annual-reports\\\/\",\"url\":\"https:\\\/\\\/www.liv.fo\\\/en\\\/annual-reports\\\/\",\"name\":\"Annual Reports - Tryggingarfelagi\u00f0 L\u00cdV\",\"isPartOf\":{\"@id\":\"https:\\\/\\\/www.liv.fo\\\/en\\\/#website\"},\"datePublished\":\"2025-01-28T11:54:12+00:00\",\"dateModified\":\"2026-04-10T13:46:34+00:00\",\"breadcrumb\":{\"@id\":\"https:\\\/\\\/www.liv.fo\\\/en\\\/annual-reports\\\/#breadcrumb\"},\"inLanguage\":\"en-US\",\"potentialAction\":[{\"@type\":\"ReadAction\",\"target\":[\"https:\\\/\\\/www.liv.fo\\\/en\\\/annual-reports\\\/\"]}]},{\"@type\":\"BreadcrumbList\",\"@id\":\"https:\\\/\\\/www.liv.fo\\\/en\\\/annual-reports\\\/#breadcrumb\",\"itemListElement\":[{\"@type\":\"ListItem\",\"position\":1,\"name\":\"Home\",\"item\":\"https:\\\/\\\/www.liv.fo\\\/en\\\/\"},{\"@type\":\"ListItem\",\"position\":2,\"name\":\"Annual Reports\"}]},{\"@type\":\"WebSite\",\"@id\":\"https:\\\/\\\/www.liv.fo\\\/en\\\/#website\",\"url\":\"https:\\\/\\\/www.liv.fo\\\/en\\\/\",\"name\":\"Tryggingarfelagi\u00f0 L\u00cdV\",\"description\":\"\",\"publisher\":{\"@id\":\"https:\\\/\\\/www.liv.fo\\\/en\\\/#organization\"},\"potentialAction\":[{\"@type\":\"SearchAction\",\"target\":{\"@type\":\"EntryPoint\",\"urlTemplate\":\"https:\\\/\\\/www.liv.fo\\\/en\\\/?s={search_term_string}\"},\"query-input\":{\"@type\":\"PropertyValueSpecification\",\"valueRequired\":true,\"valueName\":\"search_term_string\"}}],\"inLanguage\":\"en-US\"},{\"@type\":\"Organization\",\"@id\":\"https:\\\/\\\/www.liv.fo\\\/en\\\/#organization\",\"name\":\"Tryggingarfelagi\u00f0 L\u00cdV\",\"url\":\"https:\\\/\\\/www.liv.fo\\\/en\\\/\",\"logo\":{\"@type\":\"ImageObject\",\"inLanguage\":\"en-US\",\"@id\":\"https:\\\/\\\/www.liv.fo\\\/en\\\/#\\\/schema\\\/logo\\\/image\\\/\",\"url\":\"https:\\\/\\\/www.liv.fo\\\/wp-content\\\/uploads\\\/2024\\\/11\\\/liv-logo.png\",\"contentUrl\":\"https:\\\/\\\/www.liv.fo\\\/wp-content\\\/uploads\\\/2024\\\/11\\\/liv-logo.png\",\"width\":82,\"height\":88,\"caption\":\"Tryggingarfelagi\u00f0 L\u00cdV\"},\"image\":{\"@id\":\"https:\\\/\\\/www.liv.fo\\\/en\\\/#\\\/schema\\\/logo\\\/image\\\/\"}}]}<\/script>\n<!-- \/ Yoast SEO plugin. -->","yoast_head_json":{"title":"Annual Reports - Tryggingarfelagi\u00f0 L\u00cdV","robots":{"index":"index","follow":"follow","max-snippet":"max-snippet:-1","max-image-preview":"max-image-preview:large","max-video-preview":"max-video-preview:-1"},"canonical":"https:\/\/www.liv.fo\/en\/annual-reports\/","og_locale":"en_US","og_type":"article","og_title":"Annual Reports - Tryggingarfelagi\u00f0 L\u00cdV","og_description":"Download the latest annual reports and half-yearly reports below as PDFs. Unfortunately, they are only in Faroese","og_url":"https:\/\/www.liv.fo\/en\/annual-reports\/","og_site_name":"Tryggingarfelagi\u00f0 L\u00cdV","article_modified_time":"2026-04-10T13:46:34+00:00","twitter_card":"summary_large_image","twitter_misc":{"Est. reading time":"2 minutes"},"schema":{"@context":"https:\/\/schema.org","@graph":[{"@type":"WebPage","@id":"https:\/\/www.liv.fo\/en\/annual-reports\/","url":"https:\/\/www.liv.fo\/en\/annual-reports\/","name":"Annual Reports - Tryggingarfelagi\u00f0 L\u00cdV","isPartOf":{"@id":"https:\/\/www.liv.fo\/en\/#website"},"datePublished":"2025-01-28T11:54:12+00:00","dateModified":"2026-04-10T13:46:34+00:00","breadcrumb":{"@id":"https:\/\/www.liv.fo\/en\/annual-reports\/#breadcrumb"},"inLanguage":"en-US","potentialAction":[{"@type":"ReadAction","target":["https:\/\/www.liv.fo\/en\/annual-reports\/"]}]},{"@type":"BreadcrumbList","@id":"https:\/\/www.liv.fo\/en\/annual-reports\/#breadcrumb","itemListElement":[{"@type":"ListItem","position":1,"name":"Home","item":"https:\/\/www.liv.fo\/en\/"},{"@type":"ListItem","position":2,"name":"Annual Reports"}]},{"@type":"WebSite","@id":"https:\/\/www.liv.fo\/en\/#website","url":"https:\/\/www.liv.fo\/en\/","name":"Tryggingarfelagi\u00f0 L\u00cdV","description":"","publisher":{"@id":"https:\/\/www.liv.fo\/en\/#organization"},"potentialAction":[{"@type":"SearchAction","target":{"@type":"EntryPoint","urlTemplate":"https:\/\/www.liv.fo\/en\/?s={search_term_string}"},"query-input":{"@type":"PropertyValueSpecification","valueRequired":true,"valueName":"search_term_string"}}],"inLanguage":"en-US"},{"@type":"Organization","@id":"https:\/\/www.liv.fo\/en\/#organization","name":"Tryggingarfelagi\u00f0 L\u00cdV","url":"https:\/\/www.liv.fo\/en\/","logo":{"@type":"ImageObject","inLanguage":"en-US","@id":"https:\/\/www.liv.fo\/en\/#\/schema\/logo\/image\/","url":"https:\/\/www.liv.fo\/wp-content\/uploads\/2024\/11\/liv-logo.png","contentUrl":"https:\/\/www.liv.fo\/wp-content\/uploads\/2024\/11\/liv-logo.png","width":82,"height":88,"caption":"Tryggingarfelagi\u00f0 L\u00cdV"},"image":{"@id":"https:\/\/www.liv.fo\/en\/#\/schema\/logo\/image\/"}}]}},"_links":{"self":[{"href":"https:\/\/www.liv.fo\/en\/wp-json\/wp\/v2\/pages\/1305","targetHints":{"allow":["GET"]}}],"collection":[{"href":"https:\/\/www.liv.fo\/en\/wp-json\/wp\/v2\/pages"}],"about":[{"href":"https:\/\/www.liv.fo\/en\/wp-json\/wp\/v2\/types\/page"}],"author":[{"embeddable":true,"href":"https:\/\/www.liv.fo\/en\/wp-json\/wp\/v2\/users\/4"}],"replies":[{"embeddable":true,"href":"https:\/\/www.liv.fo\/en\/wp-json\/wp\/v2\/comments?post=1305"}],"version-history":[{"count":4,"href":"https:\/\/www.liv.fo\/en\/wp-json\/wp\/v2\/pages\/1305\/revisions"}],"predecessor-version":[{"id":4296,"href":"https:\/\/www.liv.fo\/en\/wp-json\/wp\/v2\/pages\/1305\/revisions\/4296"}],"wp:attachment":[{"href":"https:\/\/www.liv.fo\/en\/wp-json\/wp\/v2\/media?parent=1305"}],"curies":[{"name":"wp","href":"https:\/\/api.w.org\/{rel}","templated":true}]}}