{"id":1231,"date":"2025-01-28T10:12:26","date_gmt":"2025-01-28T10:12:26","guid":{"rendered":"https:\/\/www.liv.fo\/?page_id=1231"},"modified":"2026-01-12T14:12:08","modified_gmt":"2026-01-12T14:12:08","slug":"forms","status":"publish","type":"page","link":"https:\/\/www.liv.fo\/en\/forms\/","title":{"rendered":"Application Form"},"content":{"rendered":"\n<h4 class=\"wp-block-heading\">Choose a form<\/h4>\n\n\n\n<details class=\"wp-block-details is-layout-flow wp-block-details-is-layout-flow\"><summary>Change of Beneficiary<\/summary>\n<p><strong>The policy determines who has the right to the payout upon death.<\/strong><\/p>\n\n\n\n<p>The payout will be made to the \u201cnext of kin\u201d unless you have informed us otherwise.<\/p>\n\n\n\n<p>The next of kin is primarily the spouse.<br>If there is no spouse, the payout will go to children, including adopted children.<br>If there are no children, the payout will be made according to inheritance law or a will.<br>Please note that a possible cohabitant is not included under the term \u201cnext of kin\u201d in this context.<\/p>\n\n\n\n<div class=\"wp-block-buttons is-layout-flex wp-block-buttons-is-layout-flex\">\n<div class=\"wp-block-button\"><a class=\"wp-block-button__link wp-element-button\" href=\"https:\/\/www.liv.fo\/wp-content\/uploads\/2025\/07\/LIV-Change-of-Beneficiary.pdf\" target=\"_blank\" rel=\"noreferrer noopener\">Take Form Down<\/a><\/div>\n<\/div>\n<\/details>\n\n\n\n<details class=\"wp-block-details is-layout-flow wp-block-details-is-layout-flow\"><summary>Request for Group Insurance<\/summary>\n<p><strong>Form to fill out for signing up for group insurance<\/strong><\/p>\n\n\n\n<div class=\"wp-block-buttons is-layout-flex wp-block-buttons-is-layout-flex\">\n<div class=\"wp-block-button\"><a class=\"wp-block-button__link wp-element-button\" href=\"https:\/\/www.liv.fo\/wp-content\/uploads\/2026\/01\/Application-Group-Insurance-Samlagstrygging.pdf\">Take Form Down<\/a><\/div>\n<\/div>\n\n\n\n<p>If it is assessed that the health status needs to be disclosed in more detail, a medical certificate may be required.<\/p>\n\n\n\n<p>When you sign up for group insurance, you have to answer a &#8216;health declaration&#8217;, depending on what type of insurance you choose. Click on <em>Healt Declaration<\/em> on the tab below.<br>The health declaration is used to place all the insured as equally as possible within the insurance framework. Based on the information in the health declaration, we assess the risk and determine terms and premiums.<\/p>\n\n\n\n<p>If you have any doubts, please contact us at <a>liv@liv.fo<\/a> or by phone at 31 11 11.<\/p>\n<\/details>\n\n\n\n<details class=\"wp-block-details is-layout-flow wp-block-details-is-layout-flow\"><summary>Health Declaration<\/summary>\n<p>When you wish to sign up for insurance or make changes to the insurance agreement during the policy period, we need information that may be relevant for assessing the insurance risk. If more space is needed, write on a separate sheet. Remember to indicate which question it concerns. Date and sign.<\/p>\n\n\n\n<div class=\"wp-block-columns is-layout-flex wp-container-core-columns-is-layout-28f84493 wp-block-columns-is-layout-flex\">\n<div class=\"wp-block-column is-layout-flow wp-block-column-is-layout-flow\">\n<h5 class=\"wp-block-heading has-text-align-center\"><em><mark style=\"background-color:rgba(0, 0, 0, 0)\" class=\"has-inline-color has-orange-color\">Health Declaration<\/mark><\/em><\/h5>\n\n\n\n<h5 class=\"wp-block-heading has-text-align-center\">Customer guidance<\/h5>\n\n\n\n<div style=\"height:38px\" aria-hidden=\"true\" class=\"wp-block-spacer\"><\/div>\n\n\n\n<h5 class=\"wp-block-heading has-text-align-center\">Life Insurance<\/h5>\n\n\n\n<div style=\"height:41px\" aria-hidden=\"true\" class=\"wp-block-spacer\"><\/div>\n\n\n\n<h5 class=\"wp-block-heading has-text-align-center\">Life Insurance and Certain Critical Illnesses<\/h5>\n\n\n\n<div style=\"height:41px\" aria-hidden=\"true\" class=\"wp-block-spacer\"><\/div>\n\n\n\n<h5 class=\"wp-block-heading has-text-align-center\">Life Insurance, Certain Critical Illnesses and Disability Insurance<\/h5>\n\n\n\n<div style=\"height:41px\" aria-hidden=\"true\" class=\"wp-block-spacer\"><\/div>\n\n\n\n<h5 class=\"wp-block-heading has-text-align-center\">FP 601 &#8211; Consent for the Collection and Disclosure of Information<\/h5>\n<\/div>\n\n\n\n<div class=\"wp-block-column is-layout-flow wp-block-column-is-layout-flow\">\n<div style=\"height:31px\" aria-hidden=\"true\" class=\"wp-block-spacer\"><\/div>\n\n\n\n<div class=\"wp-block-buttons is-layout-flex wp-container-core-buttons-is-layout-45b20515 wp-block-buttons-is-layout-flex\">\n<div class=\"wp-block-button\"><a class=\"wp-block-button__link wp-element-button\" href=\"https:\/\/www.liv.fo\/wp-content\/uploads\/2025\/07\/Customer-Guidance.pdf\">Take Form Down<\/a><\/div>\n<\/div>\n\n\n\n<div style=\"height:29px\" aria-hidden=\"true\" class=\"wp-block-spacer\"><\/div>\n\n\n\n<div class=\"wp-block-buttons is-layout-flex wp-container-core-buttons-is-layout-45b20515 wp-block-buttons-is-layout-flex\">\n<div class=\"wp-block-button\"><a class=\"wp-block-button__link wp-element-button\" href=\"https:\/\/www.liv.fo\/wp-content\/uploads\/2025\/07\/P5-Healt-Declaration-EnglishLife-Insurance.pdf\">Take Form Down<\/a><\/div>\n<\/div>\n\n\n\n<div style=\"height:22px\" aria-hidden=\"true\" class=\"wp-block-spacer\"><\/div>\n\n\n\n<div class=\"wp-block-buttons is-layout-flex wp-container-core-buttons-is-layout-45b20515 wp-block-buttons-is-layout-flex\">\n<div class=\"wp-block-button\"><a class=\"wp-block-button__link wp-element-button\" href=\"https:\/\/www.liv.fo\/wp-content\/uploads\/2025\/10\/P8-Health-Declaration-English-Life-Insurance-and-Certain-Critical-Illnesses.pdf\" target=\"_blank\" rel=\"noreferrer noopener\">Take Form Down<\/a><\/div>\n<\/div>\n\n\n\n<div style=\"height:33px\" aria-hidden=\"true\" class=\"wp-block-spacer\"><\/div>\n\n\n\n<div class=\"wp-block-buttons is-layout-flex wp-container-core-buttons-is-layout-45b20515 wp-block-buttons-is-layout-flex\">\n<div class=\"wp-block-button\"><a class=\"wp-block-button__link wp-element-button\" href=\"https:\/\/www.liv.fo\/wp-content\/uploads\/2025\/07\/P15-Healt-Declaration-Life-Insurance-Certain-Critical-Illnesses-and-Disability-Insurance.pdf\" target=\"_blank\" rel=\"noreferrer noopener\">Take Form Down<\/a><\/div>\n<\/div>\n\n\n\n<div style=\"height:34px\" aria-hidden=\"true\" class=\"wp-block-spacer\"><\/div>\n\n\n\n<div class=\"wp-block-buttons is-layout-flex wp-container-core-buttons-is-layout-45b20515 wp-block-buttons-is-layout-flex\">\n<div class=\"wp-block-button\"><a class=\"wp-block-button__link wp-element-button\" href=\"https:\/\/www.liv.fo\/wp-content\/uploads\/2025\/07\/FP601-Consent-for-the-Collection-and-Disclosure-of-Information.pdf\" target=\"_blank\" rel=\"noreferrer noopener\">Take Form Down<\/a><\/div>\n<\/div>\n<\/div>\n<\/div>\n<\/details>\n\n\n\n<details class=\"wp-block-details is-layout-flow wp-block-details-is-layout-flow\"><summary>Certain Critical Illnesses<\/summary>\n<p><strong>When you apply for a payout for certain critical illnesses, you will be asked to answer specific questions.<\/strong><br>You will also need to provide an FP602 certificate regarding the collection and further transmission of information.<\/p>\n\n\n\n<div class=\"wp-block-buttons is-layout-flex wp-block-buttons-is-layout-flex\">\n<div class=\"wp-block-button\"><a class=\"wp-block-button__link wp-element-button\" href=\"https:\/\/www.liv.fo\/wp-content\/uploads\/2026\/01\/Application-for-Payout-Due-to-Specified-Critical-Illness.pdf\">Take Form Down<\/a><\/div>\n<\/div>\n<\/details>\n\n\n\n<details class=\"wp-block-details is-layout-flow wp-block-details-is-layout-flow\"><summary><strong>Incapacity for Work<\/strong><\/summary>\n<p>When you apply for benefits due to incapacity for work, you will be asked to answer specific questions.<\/p>\n\n\n\n<div class=\"wp-block-buttons is-layout-flex wp-block-buttons-is-layout-flex\">\n<div class=\"wp-block-button\"><a class=\"wp-block-button__link wp-element-button\" href=\"https:\/\/www.liv.fo\/wp-content\/uploads\/2025\/07\/Incapacity-to-work.pdf\" target=\"_blank\" rel=\"noreferrer noopener\">Take Form Down<\/a><\/div>\n<\/div>\n<\/details>\n\n\n\n<details class=\"wp-block-details is-layout-flow wp-block-details-is-layout-flow\"><summary>Risk level<\/summary>\n<p>Choose your risk level<\/p>\n\n\n\n<div class=\"wp-block-buttons is-layout-flex wp-block-buttons-is-layout-flex\">\n<div class=\"wp-block-button\"><a class=\"wp-block-button__link wp-element-button\" href=\"https:\/\/www.liv.fo\/wp-content\/uploads\/2025\/07\/Vel-Vadastodi-A4-ESG-2025-ENSKT.pdf\" target=\"_blank\" rel=\"noreferrer noopener\">Take Form Down<\/a><\/div>\n<\/div>\n\n\n\n<p>Choose a risk level that suits you and send it to us.<br>On our customer portal &#8216;M\u00edtt L\u00cdV&#8217;, you can check your risk tolerance.<br>Read more about risk levels here: <a href=\"https:\/\/www.liv.fo\/en\/pension\/savings-and-risk-profile\/\" target=\"_blank\" rel=\"noreferrer noopener\">Savings and Risk.<\/a><\/p>\n<\/details>\n\n\n\n<details class=\"wp-block-details is-layout-flow wp-block-details-is-layout-flow\"><summary>Transfer Request<\/summary>\n<p>Skalt t\u00fa flyta eftirl\u00f8n fr\u00e1 \u00f8\u00f0rum veitara til okkum skal oy\u00f0ubla\u00f0 \u00fatfyllast.<br>If you want to transfer pension from another provider to us, a form must be filled out.<\/p>\n\n\n\n<div class=\"wp-block-buttons is-layout-flex wp-block-buttons-is-layout-flex\">\n<div class=\"wp-block-button\"><a class=\"wp-block-button__link wp-element-button\" href=\"https:\/\/www.liv.fo\/wp-content\/uploads\/2025\/07\/Transfer-Request.pdf\" target=\"_blank\" rel=\"noreferrer noopener\">Take Form Down<\/a><\/div>\n<\/div>\n<\/details>\n\n\n\n<details class=\"wp-block-details is-layout-flow wp-block-details-is-layout-flow\"><summary>L\u00cdVaccount<\/summary>\n<p>Form to fill out for signing up for a L\u00cdVkonto.<\/p>\n\n\n\n<div class=\"wp-block-buttons is-layout-flex wp-block-buttons-is-layout-flex\">\n<div class=\"wp-block-button\"><a class=\"wp-block-button__link wp-element-button\" href=\"https:\/\/www.liv.fo\/wp-content\/uploads\/2025\/07\/LIV-account.pdf\" target=\"_blank\" rel=\"noreferrer noopener\">Take Form Down<\/a><\/div>\n<\/div>\n<\/details>\n\n\n\n<details class=\"wp-block-details is-layout-flow wp-block-details-is-layout-flow\"><summary>L\u00cdV+<\/summary>\n<p>Form to fill out for signing up for L\u00cdV+.<\/p>\n\n\n\n<div class=\"wp-block-buttons is-layout-flex wp-block-buttons-is-layout-flex\">\n<div class=\"wp-block-button\"><a class=\"wp-block-button__link wp-element-button\" href=\"https:\/\/www.liv.fo\/wp-content\/uploads\/2025\/07\/Liv.pdf\">Take Form Down<\/a><\/div>\n<\/div>\n<\/details>\n\n\n\n<div class=\"wp-block-group alignfull has-black-50-background-color has-background has-global-padding is-layout-constrained wp-block-group-is-layout-constrained\">\n<div style=\"height:100px\" aria-hidden=\"true\" class=\"wp-block-spacer\"><\/div>\n\n\n\n<h3 class=\"wp-block-heading has-text-align-center\">We are ready to help you<\/h3>\n\n\n\n<p class=\"has-text-align-center\">If you have questions or would like advice, you are welcome to contact us.<br>Send us an email on liv@liv.fo, call us at +298 31 11 11, or log in to the customer portal<br>M\u00edtt L\u00cdV and send us a message<\/p>\n\n\n\n<div style=\"height:32px\" aria-hidden=\"true\" class=\"wp-block-spacer\"><\/div>\n\n\n\n<div class=\"wp-block-columns has-white-background-color has-background is-layout-flex wp-container-core-columns-is-layout-7c723ecb wp-block-columns-is-layout-flex\" style=\"border-radius:0.5rem;padding-top:var(--wp--preset--spacing--4);padding-bottom:var(--wp--preset--spacing--4)\">\n<div class=\"wp-block-column is-layout-flow wp-block-column-is-layout-flow\">\n<div class=\"wp-block-group has-global-padding is-layout-constrained wp-block-group-is-layout-constrained\">\n<figure class=\"wp-block-image aligncenter size-full is-resized\"><img loading=\"lazy\" decoding=\"async\" width=\"75\" height=\"65\" src=\"https:\/\/www.liv.fo\/wp-content\/uploads\/2024\/11\/icon-envolope.png\" alt=\"\" class=\"wp-image-268\" style=\"object-fit:contain;width:40px;height:40px\"\/><\/figure>\n\n\n\n<p class=\"has-text-align-center is-style-default has-f-37-bobby-font-family has-large-font-size\"><a href=\"mailto:liv@liv.fo\">Send email<\/a><\/p>\n<\/div>\n<\/div>\n\n\n\n<div class=\"wp-block-column is-layout-flow wp-block-column-is-layout-flow\">\n<div class=\"wp-block-group has-global-padding is-layout-constrained wp-block-group-is-layout-constrained\">\n<figure class=\"wp-block-image aligncenter size-full is-resized\"><img loading=\"lazy\" decoding=\"async\" width=\"75\" height=\"75\" src=\"https:\/\/www.liv.fo\/wp-content\/uploads\/2024\/11\/icon-phone2.png\" alt=\"\" class=\"wp-image-270\" style=\"object-fit:contain;width:40px;height:40px\"\/><\/figure>\n\n\n\n<p class=\"has-text-align-center is-style-default has-f-37-bobby-font-family has-large-font-size\"><a href=\"tel:298311111\">Call us<\/a><\/p>\n<\/div>\n<\/div>\n\n\n\n<div class=\"wp-block-column is-layout-flow wp-block-column-is-layout-flow\">\n<div class=\"wp-block-group has-global-padding is-layout-constrained wp-block-group-is-layout-constrained\">\n<figure class=\"wp-block-image aligncenter size-full is-resized\"><img loading=\"lazy\" decoding=\"async\" width=\"65\" height=\"72\" src=\"https:\/\/www.liv.fo\/wp-content\/uploads\/2024\/11\/icon-user.png\" alt=\"\" class=\"wp-image-272\" style=\"object-fit:contain;width:40px;height:40px\"\/><\/figure>\n\n\n\n<p class=\"has-text-align-center is-style-default has-f-37-bobby-font-family has-large-font-size\"><a href=\"https:\/\/innrita.samleiki.fo\/idp\/Authn\/External?conversation=e1s1\">M\u00edtt L\u00cdV<\/a><\/p>\n\n\n\n<p class=\"has-text-align-center\"><mark style=\"background-color:rgba(0, 0, 0, 0)\" class=\"has-inline-color has-orange-color\">Customer Portal<\/mark><\/p>\n<\/div>\n<\/div>\n<\/div>\n\n\n\n<div style=\"height:100px\" aria-hidden=\"true\" class=\"wp-block-spacer\"><\/div>\n<\/div>\n","protected":false},"excerpt":{"rendered":"<p>Choose a form We are ready to help you If you have questions or would like advice, you are welcome to contact us.Send us an email on liv@liv.fo, call us at +298 31 11 11, or log in to the customer portalM\u00edtt L\u00cdV and send us a message Send email Call us M\u00edtt L\u00cdV Customer [&hellip;]<\/p>\n","protected":false},"author":4,"featured_media":0,"parent":0,"menu_order":0,"comment_status":"closed","ping_status":"closed","template":"","meta":{"_acf_changed":false,"footnotes":""},"class_list":["post-1231","page","type-page","status-publish","hentry"],"acf":[],"yoast_head":"<!-- This site is optimized with the Yoast SEO plugin v27.3 - https:\/\/yoast.com\/product\/yoast-seo-wordpress\/ -->\n<title>Application Form - Tryggingarfelagi\u00f0 L\u00cdV<\/title>\n<meta name=\"robots\" content=\"index, follow, max-snippet:-1, max-image-preview:large, max-video-preview:-1\" \/>\n<link rel=\"canonical\" href=\"https:\/\/www.liv.fo\/en\/forms\/\" \/>\n<meta property=\"og:locale\" content=\"en_US\" \/>\n<meta property=\"og:type\" content=\"article\" \/>\n<meta property=\"og:title\" content=\"Application Form - Tryggingarfelagi\u00f0 L\u00cdV\" \/>\n<meta property=\"og:description\" content=\"Choose a form We are ready to help you If you have questions or would like advice, you are welcome to contact us.Send us an email on liv@liv.fo, call us at +298 31 11 11, or log in to the customer portalM\u00edtt L\u00cdV and send us a message Send email Call us M\u00edtt L\u00cdV Customer [&hellip;]\" \/>\n<meta property=\"og:url\" content=\"https:\/\/www.liv.fo\/en\/forms\/\" \/>\n<meta property=\"og:site_name\" content=\"Tryggingarfelagi\u00f0 L\u00cdV\" \/>\n<meta property=\"article:modified_time\" content=\"2026-01-12T14:12:08+00:00\" \/>\n<meta property=\"og:image\" content=\"https:\/\/www.liv.fo\/wp-content\/uploads\/2024\/11\/icon-envolope.png\" \/>\n\t<meta property=\"og:image:width\" content=\"75\" \/>\n\t<meta property=\"og:image:height\" content=\"65\" \/>\n\t<meta property=\"og:image:type\" content=\"image\/png\" \/>\n<meta name=\"twitter:card\" content=\"summary_large_image\" \/>\n<meta name=\"twitter:label1\" content=\"Est. reading time\" \/>\n\t<meta name=\"twitter:data1\" content=\"4 minutes\" \/>\n<script type=\"application\/ld+json\" class=\"yoast-schema-graph\">{\"@context\":\"https:\\\/\\\/schema.org\",\"@graph\":[{\"@type\":\"WebPage\",\"@id\":\"https:\\\/\\\/www.liv.fo\\\/en\\\/forms\\\/\",\"url\":\"https:\\\/\\\/www.liv.fo\\\/en\\\/forms\\\/\",\"name\":\"Application Form - Tryggingarfelagi\u00f0 L\u00cdV\",\"isPartOf\":{\"@id\":\"https:\\\/\\\/www.liv.fo\\\/en\\\/#website\"},\"primaryImageOfPage\":{\"@id\":\"https:\\\/\\\/www.liv.fo\\\/en\\\/forms\\\/#primaryimage\"},\"image\":{\"@id\":\"https:\\\/\\\/www.liv.fo\\\/en\\\/forms\\\/#primaryimage\"},\"thumbnailUrl\":\"https:\\\/\\\/www.liv.fo\\\/wp-content\\\/uploads\\\/2024\\\/11\\\/icon-envolope.png\",\"datePublished\":\"2025-01-28T10:12:26+00:00\",\"dateModified\":\"2026-01-12T14:12:08+00:00\",\"breadcrumb\":{\"@id\":\"https:\\\/\\\/www.liv.fo\\\/en\\\/forms\\\/#breadcrumb\"},\"inLanguage\":\"en-US\",\"potentialAction\":[{\"@type\":\"ReadAction\",\"target\":[\"https:\\\/\\\/www.liv.fo\\\/en\\\/forms\\\/\"]}]},{\"@type\":\"ImageObject\",\"inLanguage\":\"en-US\",\"@id\":\"https:\\\/\\\/www.liv.fo\\\/en\\\/forms\\\/#primaryimage\",\"url\":\"https:\\\/\\\/www.liv.fo\\\/wp-content\\\/uploads\\\/2024\\\/11\\\/icon-envolope.png\",\"contentUrl\":\"https:\\\/\\\/www.liv.fo\\\/wp-content\\\/uploads\\\/2024\\\/11\\\/icon-envolope.png\"},{\"@type\":\"BreadcrumbList\",\"@id\":\"https:\\\/\\\/www.liv.fo\\\/en\\\/forms\\\/#breadcrumb\",\"itemListElement\":[{\"@type\":\"ListItem\",\"position\":1,\"name\":\"Home\",\"item\":\"https:\\\/\\\/www.liv.fo\\\/en\\\/\"},{\"@type\":\"ListItem\",\"position\":2,\"name\":\"Application Form\"}]},{\"@type\":\"WebSite\",\"@id\":\"https:\\\/\\\/www.liv.fo\\\/en\\\/#website\",\"url\":\"https:\\\/\\\/www.liv.fo\\\/en\\\/\",\"name\":\"Tryggingarfelagi\u00f0 L\u00cdV\",\"description\":\"\",\"publisher\":{\"@id\":\"https:\\\/\\\/www.liv.fo\\\/en\\\/#organization\"},\"potentialAction\":[{\"@type\":\"SearchAction\",\"target\":{\"@type\":\"EntryPoint\",\"urlTemplate\":\"https:\\\/\\\/www.liv.fo\\\/en\\\/?s={search_term_string}\"},\"query-input\":{\"@type\":\"PropertyValueSpecification\",\"valueRequired\":true,\"valueName\":\"search_term_string\"}}],\"inLanguage\":\"en-US\"},{\"@type\":\"Organization\",\"@id\":\"https:\\\/\\\/www.liv.fo\\\/en\\\/#organization\",\"name\":\"Tryggingarfelagi\u00f0 L\u00cdV\",\"url\":\"https:\\\/\\\/www.liv.fo\\\/en\\\/\",\"logo\":{\"@type\":\"ImageObject\",\"inLanguage\":\"en-US\",\"@id\":\"https:\\\/\\\/www.liv.fo\\\/en\\\/#\\\/schema\\\/logo\\\/image\\\/\",\"url\":\"https:\\\/\\\/www.liv.fo\\\/wp-content\\\/uploads\\\/2024\\\/11\\\/liv-logo.png\",\"contentUrl\":\"https:\\\/\\\/www.liv.fo\\\/wp-content\\\/uploads\\\/2024\\\/11\\\/liv-logo.png\",\"width\":82,\"height\":88,\"caption\":\"Tryggingarfelagi\u00f0 L\u00cdV\"},\"image\":{\"@id\":\"https:\\\/\\\/www.liv.fo\\\/en\\\/#\\\/schema\\\/logo\\\/image\\\/\"}}]}<\/script>\n<!-- \/ Yoast SEO plugin. -->","yoast_head_json":{"title":"Application Form - Tryggingarfelagi\u00f0 L\u00cdV","robots":{"index":"index","follow":"follow","max-snippet":"max-snippet:-1","max-image-preview":"max-image-preview:large","max-video-preview":"max-video-preview:-1"},"canonical":"https:\/\/www.liv.fo\/en\/forms\/","og_locale":"en_US","og_type":"article","og_title":"Application Form - Tryggingarfelagi\u00f0 L\u00cdV","og_description":"Choose a form We are ready to help you If you have questions or would like advice, you are welcome to contact us.Send us an email on liv@liv.fo, call us at +298 31 11 11, or log in to the customer portalM\u00edtt L\u00cdV and send us a message Send email Call us M\u00edtt L\u00cdV Customer [&hellip;]","og_url":"https:\/\/www.liv.fo\/en\/forms\/","og_site_name":"Tryggingarfelagi\u00f0 L\u00cdV","article_modified_time":"2026-01-12T14:12:08+00:00","og_image":[{"width":75,"height":65,"url":"https:\/\/www.liv.fo\/wp-content\/uploads\/2024\/11\/icon-envolope.png","type":"image\/png"}],"twitter_card":"summary_large_image","twitter_misc":{"Est. reading time":"4 minutes"},"schema":{"@context":"https:\/\/schema.org","@graph":[{"@type":"WebPage","@id":"https:\/\/www.liv.fo\/en\/forms\/","url":"https:\/\/www.liv.fo\/en\/forms\/","name":"Application Form - Tryggingarfelagi\u00f0 L\u00cdV","isPartOf":{"@id":"https:\/\/www.liv.fo\/en\/#website"},"primaryImageOfPage":{"@id":"https:\/\/www.liv.fo\/en\/forms\/#primaryimage"},"image":{"@id":"https:\/\/www.liv.fo\/en\/forms\/#primaryimage"},"thumbnailUrl":"https:\/\/www.liv.fo\/wp-content\/uploads\/2024\/11\/icon-envolope.png","datePublished":"2025-01-28T10:12:26+00:00","dateModified":"2026-01-12T14:12:08+00:00","breadcrumb":{"@id":"https:\/\/www.liv.fo\/en\/forms\/#breadcrumb"},"inLanguage":"en-US","potentialAction":[{"@type":"ReadAction","target":["https:\/\/www.liv.fo\/en\/forms\/"]}]},{"@type":"ImageObject","inLanguage":"en-US","@id":"https:\/\/www.liv.fo\/en\/forms\/#primaryimage","url":"https:\/\/www.liv.fo\/wp-content\/uploads\/2024\/11\/icon-envolope.png","contentUrl":"https:\/\/www.liv.fo\/wp-content\/uploads\/2024\/11\/icon-envolope.png"},{"@type":"BreadcrumbList","@id":"https:\/\/www.liv.fo\/en\/forms\/#breadcrumb","itemListElement":[{"@type":"ListItem","position":1,"name":"Home","item":"https:\/\/www.liv.fo\/en\/"},{"@type":"ListItem","position":2,"name":"Application Form"}]},{"@type":"WebSite","@id":"https:\/\/www.liv.fo\/en\/#website","url":"https:\/\/www.liv.fo\/en\/","name":"Tryggingarfelagi\u00f0 L\u00cdV","description":"","publisher":{"@id":"https:\/\/www.liv.fo\/en\/#organization"},"potentialAction":[{"@type":"SearchAction","target":{"@type":"EntryPoint","urlTemplate":"https:\/\/www.liv.fo\/en\/?s={search_term_string}"},"query-input":{"@type":"PropertyValueSpecification","valueRequired":true,"valueName":"search_term_string"}}],"inLanguage":"en-US"},{"@type":"Organization","@id":"https:\/\/www.liv.fo\/en\/#organization","name":"Tryggingarfelagi\u00f0 L\u00cdV","url":"https:\/\/www.liv.fo\/en\/","logo":{"@type":"ImageObject","inLanguage":"en-US","@id":"https:\/\/www.liv.fo\/en\/#\/schema\/logo\/image\/","url":"https:\/\/www.liv.fo\/wp-content\/uploads\/2024\/11\/liv-logo.png","contentUrl":"https:\/\/www.liv.fo\/wp-content\/uploads\/2024\/11\/liv-logo.png","width":82,"height":88,"caption":"Tryggingarfelagi\u00f0 L\u00cdV"},"image":{"@id":"https:\/\/www.liv.fo\/en\/#\/schema\/logo\/image\/"}}]}},"_links":{"self":[{"href":"https:\/\/www.liv.fo\/en\/wp-json\/wp\/v2\/pages\/1231","targetHints":{"allow":["GET"]}}],"collection":[{"href":"https:\/\/www.liv.fo\/en\/wp-json\/wp\/v2\/pages"}],"about":[{"href":"https:\/\/www.liv.fo\/en\/wp-json\/wp\/v2\/types\/page"}],"author":[{"embeddable":true,"href":"https:\/\/www.liv.fo\/en\/wp-json\/wp\/v2\/users\/4"}],"replies":[{"embeddable":true,"href":"https:\/\/www.liv.fo\/en\/wp-json\/wp\/v2\/comments?post=1231"}],"version-history":[{"count":20,"href":"https:\/\/www.liv.fo\/en\/wp-json\/wp\/v2\/pages\/1231\/revisions"}],"predecessor-version":[{"id":4020,"href":"https:\/\/www.liv.fo\/en\/wp-json\/wp\/v2\/pages\/1231\/revisions\/4020"}],"wp:attachment":[{"href":"https:\/\/www.liv.fo\/en\/wp-json\/wp\/v2\/media?parent=1231"}],"curies":[{"name":"wp","href":"https:\/\/api.w.org\/{rel}","templated":true}]}}