{"id":1063,"date":"2025-01-20T15:56:03","date_gmt":"2025-01-20T15:56:03","guid":{"rendered":"https:\/\/www.liv.fo\/?page_id=1063"},"modified":"2025-02-24T21:06:18","modified_gmt":"2025-02-24T21:06:18","slug":"1063-2","status":"publish","type":"page","link":"https:\/\/www.liv.fo\/en\/1063-2\/","title":{"rendered":"We are ready to help you"},"content":{"rendered":"\n<div class=\"wp-block-cover alignfull is-light is-style-diagonal-offset-crop\" style=\"margin-top:0;margin-bottom:0;min-height:528px;aspect-ratio:unset;\"><span aria-hidden=\"true\" class=\"wp-block-cover__background has-background-dim-0 has-background-dim\" style=\"background-color:#9c9592\"><\/span><img loading=\"lazy\" decoding=\"async\" width=\"1400\" height=\"933\" class=\"wp-block-cover__image-background wp-image-1066\" alt=\"\" src=\"https:\/\/www.liv.fo\/wp-content\/uploads\/2025\/01\/Til-heimasiduna-nyggjarmyndir-10.png\" data-object-fit=\"cover\" srcset=\"https:\/\/www.liv.fo\/wp-content\/uploads\/2025\/01\/Til-heimasiduna-nyggjarmyndir-10.png 1400w, https:\/\/www.liv.fo\/wp-content\/uploads\/2025\/01\/Til-heimasiduna-nyggjarmyndir-10-800x533.png 800w, https:\/\/www.liv.fo\/wp-content\/uploads\/2025\/01\/Til-heimasiduna-nyggjarmyndir-10-768x512.png 768w\" sizes=\"auto, (max-width: 1400px) 100vw, 1400px\" \/><div class=\"wp-block-cover__inner-container has-global-padding is-layout-constrained wp-block-cover-is-layout-constrained\">\n<div style=\"height:32px\" aria-hidden=\"true\" class=\"wp-block-spacer\"><\/div>\n\n\n\n<div class=\"wp-block-columns alignwide is-layout-flex wp-container-core-columns-is-layout-28f84493 wp-block-columns-is-layout-flex\">\n<div class=\"wp-block-column is-layout-flow wp-block-column-is-layout-flow\">\n<h1 class=\"wp-block-heading has-text-align-left has-dark-blue-color has-text-color has-link-color wp-elements-ba4cb0ebcc171e02d4ef65b4444b5e9a\"><strong>We are ready to help you<\/strong><\/h1>\n\n\n\n<p>.<\/p>\n\n\n\n<div style=\"height:32px\" aria-hidden=\"true\" class=\"wp-block-spacer\"><\/div>\n<\/div>\n\n\n\n<div class=\"wp-block-column is-layout-flow wp-block-column-is-layout-flow\"><\/div>\n<\/div>\n\n\n\n<div style=\"height:64px\" aria-hidden=\"true\" class=\"wp-block-spacer\"><\/div>\n<\/div><\/div>\n\n\n\n<div class=\"wp-block-group alignfull has-black-50-background-color has-background has-global-padding is-layout-constrained wp-block-group-is-layout-constrained\">\n<div style=\"height:31px\" aria-hidden=\"true\" class=\"wp-block-spacer\"><\/div>\n\n\n\n<h3 class=\"wp-block-heading has-text-align-center\">We are ready to help you<\/h3>\n\n\n\n<p class=\"has-text-align-center\">If you have questions or would like advice, you are welcome to contact us.<br>Send us an email on liv@liv.fo, call us at +298 31 11 11, or log in to the customer portal<br>M\u00edtt L\u00cdV and send us a message<\/p>\n\n\n\n<div style=\"height:32px\" aria-hidden=\"true\" class=\"wp-block-spacer\"><\/div>\n\n\n\n<div class=\"wp-block-columns has-white-background-color has-background is-layout-flex wp-container-core-columns-is-layout-7c723ecb wp-block-columns-is-layout-flex\" style=\"border-radius:0.5rem;padding-top:var(--wp--preset--spacing--4);padding-bottom:var(--wp--preset--spacing--4)\">\n<div class=\"wp-block-column is-layout-flow wp-block-column-is-layout-flow\">\n<div class=\"wp-block-group has-global-padding is-layout-constrained wp-block-group-is-layout-constrained\">\n<figure class=\"wp-block-image aligncenter size-full is-resized\"><img loading=\"lazy\" decoding=\"async\" width=\"75\" height=\"65\" src=\"https:\/\/www.liv.fo\/wp-content\/uploads\/2024\/11\/icon-envolope.png\" alt=\"\" class=\"wp-image-268\" style=\"object-fit:contain;width:40px;height:40px\"\/><\/figure>\n\n\n\n<p class=\"has-text-align-center is-style-default has-f-37-bobby-font-family has-large-font-size\"><a href=\"mailto:liv@liv.fo\">Send email<\/a><\/p>\n<\/div>\n<\/div>\n\n\n\n<div class=\"wp-block-column is-layout-flow wp-block-column-is-layout-flow\">\n<div class=\"wp-block-group has-global-padding is-layout-constrained wp-block-group-is-layout-constrained\">\n<figure class=\"wp-block-image aligncenter size-full is-resized\"><img loading=\"lazy\" decoding=\"async\" width=\"75\" height=\"75\" src=\"https:\/\/www.liv.fo\/wp-content\/uploads\/2024\/11\/icon-phone2.png\" alt=\"\" class=\"wp-image-270\" style=\"object-fit:contain;width:40px;height:40px\"\/><\/figure>\n\n\n\n<p class=\"has-text-align-center is-style-default has-f-37-bobby-font-family has-large-font-size\"><a href=\"tel:298311111\">Call us<\/a><\/p>\n<\/div>\n<\/div>\n\n\n\n<div class=\"wp-block-column is-layout-flow wp-block-column-is-layout-flow\">\n<div class=\"wp-block-group has-global-padding is-layout-constrained wp-block-group-is-layout-constrained\">\n<figure class=\"wp-block-image aligncenter size-full is-resized\"><img loading=\"lazy\" decoding=\"async\" width=\"65\" height=\"72\" src=\"https:\/\/www.liv.fo\/wp-content\/uploads\/2024\/11\/icon-user.png\" alt=\"\" class=\"wp-image-272\" style=\"object-fit:contain;width:40px;height:40px\"\/><\/figure>\n\n\n\n<p class=\"has-text-align-center is-style-default has-f-37-bobby-font-family has-large-font-size\"><a href=\"https:\/\/innrita.samleiki.fo\/idp\/Authn\/External?conversation=e1s1\">M\u00edtt L\u00cdV<\/a><\/p>\n\n\n\n<p class=\"has-text-align-center\"><mark style=\"background-color:rgba(0, 0, 0, 0)\" class=\"has-inline-color has-orange-color\">Customer Portal<\/mark><\/p>\n<\/div>\n<\/div>\n<\/div>\n\n\n\n<div style=\"height:52px\" aria-hidden=\"true\" class=\"wp-block-spacer\"><\/div>\n<\/div>\n","protected":false},"excerpt":{"rendered":"<p>We are ready to help you If you have questions or would like advice, you are welcome to contact us.Send us an email on liv@liv.fo, call us at +298 31 11 11, or log in to the customer portalM\u00edtt L\u00cdV and send us a message Send email Call us M\u00edtt L\u00cdV Customer Portal<\/p>\n","protected":false},"author":4,"featured_media":0,"parent":0,"menu_order":0,"comment_status":"closed","ping_status":"closed","template":"page-no-title","meta":{"_acf_changed":false,"footnotes":""},"class_list":["post-1063","page","type-page","status-publish","hentry"],"acf":[],"yoast_head":"<!-- This site is optimized with the Yoast SEO plugin v26.2 - https:\/\/yoast.com\/wordpress\/plugins\/seo\/ -->\n<title>We are ready to help you - Tryggingarfelagi\u00f0 L\u00cdV<\/title>\n<meta name=\"robots\" content=\"index, follow, max-snippet:-1, max-image-preview:large, max-video-preview:-1\" \/>\n<link rel=\"canonical\" href=\"https:\/\/www.liv.fo\/en\/1063-2\/\" \/>\n<meta property=\"og:locale\" content=\"en_US\" \/>\n<meta property=\"og:type\" content=\"article\" \/>\n<meta property=\"og:title\" content=\"We are ready to help you - Tryggingarfelagi\u00f0 L\u00cdV\" \/>\n<meta property=\"og:description\" content=\"We are ready to help you If you have questions or would like advice, you are welcome to contact us.Send us an email on liv@liv.fo, call us at +298 31 11 11, or log in to the customer portalM\u00edtt L\u00cdV and send us a message Send email Call us M\u00edtt L\u00cdV Customer Portal\" \/>\n<meta property=\"og:url\" content=\"https:\/\/www.liv.fo\/en\/1063-2\/\" \/>\n<meta property=\"og:site_name\" content=\"Tryggingarfelagi\u00f0 L\u00cdV\" \/>\n<meta property=\"article:modified_time\" content=\"2025-02-24T21:06:18+00:00\" \/>\n<meta property=\"og:image\" content=\"https:\/\/www.liv.fo\/wp-content\/uploads\/2025\/01\/Til-heimasiduna-nyggjarmyndir-10.png\" \/>\n\t<meta property=\"og:image:width\" content=\"1400\" \/>\n\t<meta property=\"og:image:height\" content=\"933\" \/>\n\t<meta property=\"og:image:type\" content=\"image\/png\" \/>\n<meta name=\"twitter:card\" content=\"summary_large_image\" \/>\n<meta name=\"twitter:label1\" content=\"Est. reading time\" \/>\n\t<meta name=\"twitter:data1\" content=\"2 minutes\" \/>\n<script type=\"application\/ld+json\" class=\"yoast-schema-graph\">{\"@context\":\"https:\/\/schema.org\",\"@graph\":[{\"@type\":\"WebPage\",\"@id\":\"https:\/\/www.liv.fo\/en\/1063-2\/\",\"url\":\"https:\/\/www.liv.fo\/en\/1063-2\/\",\"name\":\"We are ready to help you - Tryggingarfelagi\u00f0 L\u00cdV\",\"isPartOf\":{\"@id\":\"https:\/\/www.liv.fo\/en\/#website\"},\"primaryImageOfPage\":{\"@id\":\"https:\/\/www.liv.fo\/en\/1063-2\/#primaryimage\"},\"image\":{\"@id\":\"https:\/\/www.liv.fo\/en\/1063-2\/#primaryimage\"},\"thumbnailUrl\":\"https:\/\/www.liv.fo\/wp-content\/uploads\/2025\/01\/Til-heimasiduna-nyggjarmyndir-10.png\",\"datePublished\":\"2025-01-20T15:56:03+00:00\",\"dateModified\":\"2025-02-24T21:06:18+00:00\",\"breadcrumb\":{\"@id\":\"https:\/\/www.liv.fo\/en\/1063-2\/#breadcrumb\"},\"inLanguage\":\"en-US\",\"potentialAction\":[{\"@type\":\"ReadAction\",\"target\":[\"https:\/\/www.liv.fo\/en\/1063-2\/\"]}]},{\"@type\":\"ImageObject\",\"inLanguage\":\"en-US\",\"@id\":\"https:\/\/www.liv.fo\/en\/1063-2\/#primaryimage\",\"url\":\"https:\/\/www.liv.fo\/wp-content\/uploads\/2025\/01\/Til-heimasiduna-nyggjarmyndir-10.png\",\"contentUrl\":\"https:\/\/www.liv.fo\/wp-content\/uploads\/2025\/01\/Til-heimasiduna-nyggjarmyndir-10.png\"},{\"@type\":\"BreadcrumbList\",\"@id\":\"https:\/\/www.liv.fo\/en\/1063-2\/#breadcrumb\",\"itemListElement\":[{\"@type\":\"ListItem\",\"position\":1,\"name\":\"Home\",\"item\":\"https:\/\/www.liv.fo\/en\/\"},{\"@type\":\"ListItem\",\"position\":2,\"name\":\"We are ready to help you\"}]},{\"@type\":\"WebSite\",\"@id\":\"https:\/\/www.liv.fo\/en\/#website\",\"url\":\"https:\/\/www.liv.fo\/en\/\",\"name\":\"Tryggingarfelagi\u00f0 L\u00cdV\",\"description\":\"\",\"publisher\":{\"@id\":\"https:\/\/www.liv.fo\/en\/#organization\"},\"potentialAction\":[{\"@type\":\"SearchAction\",\"target\":{\"@type\":\"EntryPoint\",\"urlTemplate\":\"https:\/\/www.liv.fo\/en\/?s={search_term_string}\"},\"query-input\":{\"@type\":\"PropertyValueSpecification\",\"valueRequired\":true,\"valueName\":\"search_term_string\"}}],\"inLanguage\":\"en-US\"},{\"@type\":\"Organization\",\"@id\":\"https:\/\/www.liv.fo\/en\/#organization\",\"name\":\"Tryggingarfelagi\u00f0 L\u00cdV\",\"url\":\"https:\/\/www.liv.fo\/en\/\",\"logo\":{\"@type\":\"ImageObject\",\"inLanguage\":\"en-US\",\"@id\":\"https:\/\/www.liv.fo\/en\/#\/schema\/logo\/image\/\",\"url\":\"https:\/\/www.liv.fo\/wp-content\/uploads\/2024\/11\/liv-logo.png\",\"contentUrl\":\"https:\/\/www.liv.fo\/wp-content\/uploads\/2024\/11\/liv-logo.png\",\"width\":82,\"height\":88,\"caption\":\"Tryggingarfelagi\u00f0 L\u00cdV\"},\"image\":{\"@id\":\"https:\/\/www.liv.fo\/en\/#\/schema\/logo\/image\/\"}}]}<\/script>\n<!-- \/ Yoast SEO plugin. -->","yoast_head_json":{"title":"We are ready to help you - Tryggingarfelagi\u00f0 L\u00cdV","robots":{"index":"index","follow":"follow","max-snippet":"max-snippet:-1","max-image-preview":"max-image-preview:large","max-video-preview":"max-video-preview:-1"},"canonical":"https:\/\/www.liv.fo\/en\/1063-2\/","og_locale":"en_US","og_type":"article","og_title":"We are ready to help you - Tryggingarfelagi\u00f0 L\u00cdV","og_description":"We are ready to help you If you have questions or would like advice, you are welcome to contact us.Send us an email on liv@liv.fo, call us at +298 31 11 11, or log in to the customer portalM\u00edtt L\u00cdV and send us a message Send email Call us M\u00edtt L\u00cdV Customer Portal","og_url":"https:\/\/www.liv.fo\/en\/1063-2\/","og_site_name":"Tryggingarfelagi\u00f0 L\u00cdV","article_modified_time":"2025-02-24T21:06:18+00:00","og_image":[{"width":1400,"height":933,"url":"https:\/\/www.liv.fo\/wp-content\/uploads\/2025\/01\/Til-heimasiduna-nyggjarmyndir-10.png","type":"image\/png"}],"twitter_card":"summary_large_image","twitter_misc":{"Est. reading time":"2 minutes"},"schema":{"@context":"https:\/\/schema.org","@graph":[{"@type":"WebPage","@id":"https:\/\/www.liv.fo\/en\/1063-2\/","url":"https:\/\/www.liv.fo\/en\/1063-2\/","name":"We are ready to help you - Tryggingarfelagi\u00f0 L\u00cdV","isPartOf":{"@id":"https:\/\/www.liv.fo\/en\/#website"},"primaryImageOfPage":{"@id":"https:\/\/www.liv.fo\/en\/1063-2\/#primaryimage"},"image":{"@id":"https:\/\/www.liv.fo\/en\/1063-2\/#primaryimage"},"thumbnailUrl":"https:\/\/www.liv.fo\/wp-content\/uploads\/2025\/01\/Til-heimasiduna-nyggjarmyndir-10.png","datePublished":"2025-01-20T15:56:03+00:00","dateModified":"2025-02-24T21:06:18+00:00","breadcrumb":{"@id":"https:\/\/www.liv.fo\/en\/1063-2\/#breadcrumb"},"inLanguage":"en-US","potentialAction":[{"@type":"ReadAction","target":["https:\/\/www.liv.fo\/en\/1063-2\/"]}]},{"@type":"ImageObject","inLanguage":"en-US","@id":"https:\/\/www.liv.fo\/en\/1063-2\/#primaryimage","url":"https:\/\/www.liv.fo\/wp-content\/uploads\/2025\/01\/Til-heimasiduna-nyggjarmyndir-10.png","contentUrl":"https:\/\/www.liv.fo\/wp-content\/uploads\/2025\/01\/Til-heimasiduna-nyggjarmyndir-10.png"},{"@type":"BreadcrumbList","@id":"https:\/\/www.liv.fo\/en\/1063-2\/#breadcrumb","itemListElement":[{"@type":"ListItem","position":1,"name":"Home","item":"https:\/\/www.liv.fo\/en\/"},{"@type":"ListItem","position":2,"name":"We are ready to help you"}]},{"@type":"WebSite","@id":"https:\/\/www.liv.fo\/en\/#website","url":"https:\/\/www.liv.fo\/en\/","name":"Tryggingarfelagi\u00f0 L\u00cdV","description":"","publisher":{"@id":"https:\/\/www.liv.fo\/en\/#organization"},"potentialAction":[{"@type":"SearchAction","target":{"@type":"EntryPoint","urlTemplate":"https:\/\/www.liv.fo\/en\/?s={search_term_string}"},"query-input":{"@type":"PropertyValueSpecification","valueRequired":true,"valueName":"search_term_string"}}],"inLanguage":"en-US"},{"@type":"Organization","@id":"https:\/\/www.liv.fo\/en\/#organization","name":"Tryggingarfelagi\u00f0 L\u00cdV","url":"https:\/\/www.liv.fo\/en\/","logo":{"@type":"ImageObject","inLanguage":"en-US","@id":"https:\/\/www.liv.fo\/en\/#\/schema\/logo\/image\/","url":"https:\/\/www.liv.fo\/wp-content\/uploads\/2024\/11\/liv-logo.png","contentUrl":"https:\/\/www.liv.fo\/wp-content\/uploads\/2024\/11\/liv-logo.png","width":82,"height":88,"caption":"Tryggingarfelagi\u00f0 L\u00cdV"},"image":{"@id":"https:\/\/www.liv.fo\/en\/#\/schema\/logo\/image\/"}}]}},"_links":{"self":[{"href":"https:\/\/www.liv.fo\/en\/wp-json\/wp\/v2\/pages\/1063","targetHints":{"allow":["GET"]}}],"collection":[{"href":"https:\/\/www.liv.fo\/en\/wp-json\/wp\/v2\/pages"}],"about":[{"href":"https:\/\/www.liv.fo\/en\/wp-json\/wp\/v2\/types\/page"}],"author":[{"embeddable":true,"href":"https:\/\/www.liv.fo\/en\/wp-json\/wp\/v2\/users\/4"}],"replies":[{"embeddable":true,"href":"https:\/\/www.liv.fo\/en\/wp-json\/wp\/v2\/comments?post=1063"}],"version-history":[{"count":3,"href":"https:\/\/www.liv.fo\/en\/wp-json\/wp\/v2\/pages\/1063\/revisions"}],"predecessor-version":[{"id":1665,"href":"https:\/\/www.liv.fo\/en\/wp-json\/wp\/v2\/pages\/1063\/revisions\/1665"}],"wp:attachment":[{"href":"https:\/\/www.liv.fo\/en\/wp-json\/wp\/v2\/media?parent=1063"}],"curies":[{"name":"wp","href":"https:\/\/api.w.org\/{rel}","templated":true}]}}